{"id":2792,"date":"2020-12-05T09:32:57","date_gmt":"2020-12-05T09:32:57","guid":{"rendered":"http:\/\/linkseride.com\/?post_type=product&#038;p=2792"},"modified":"2023-03-10T06:14:47","modified_gmt":"2023-03-10T06:14:47","slug":"lec-12-3000w-retro-classic-e-motorbike","status":"publish","type":"product","link":"https:\/\/www.linkseride.com\/pt\/product\/lec-12-3000w-retro-classic-e-motorbike\/","title":{"rendered":"LEC-12 2022 Modelo mais recente de motocicleta Storm E Motorbike"},"content":{"rendered":"<h5>Know more about LEC-12 2022 Latest Model Storm E Motorbike Motorcycle<\/h5>\n<p>If you are finding the riding fun of e motorbike meanwhile need an electric eride solution, this classic model is a good choice for you. An improved front and Rear disc brake supply strong, reliable power for stopping instantly. With the wide, thick padded seat, riders and passengers can experience comfortable and stylish riding. Also you won&#8217;t get lost in dark nights since our large headlight and tail light maximizes nighttime visibility.<\/p>\n<div id='gallery-1' class='gallery galleryid-2792 gallery-columns-3 gallery-size-full'><figure class='gallery-item'>\n\t\t\t<div class='gallery-icon landscape'>\n\t\t\t\t<img fetchpriority=\"high\" decoding=\"async\" width=\"471\" height=\"319\" src=\"https:\/\/www.linkseride.com\/wp-content\/uploads\/2020\/12\/2.png\" class=\"attachment-full size-full\" alt=\"a motocicleta\" srcset=\"https:\/\/www.linkseride.com\/wp-content\/uploads\/2020\/12\/2.png 471w, https:\/\/www.linkseride.com\/wp-content\/uploads\/2020\/12\/2-300x203.png 300w\" sizes=\"(max-width: 471px) 100vw, 471px\" \/>\n\t\t\t<\/div><\/figure><figure class='gallery-item'>\n\t\t\t<div class='gallery-icon landscape'>\n\t\t\t\t<img decoding=\"async\" width=\"470\" height=\"319\" src=\"https:\/\/www.linkseride.com\/wp-content\/uploads\/2020\/12\/1.png\" class=\"attachment-full size-full\" alt=\"\" srcset=\"https:\/\/www.linkseride.com\/wp-content\/uploads\/2020\/12\/1.png 470w, https:\/\/www.linkseride.com\/wp-content\/uploads\/2020\/12\/1-300x204.png 300w\" sizes=\"(max-width: 470px) 100vw, 470px\" \/>\n\t\t\t<\/div><\/figure><figure class='gallery-item'>\n\t\t\t<div class='gallery-icon landscape'>\n\t\t\t\t<img decoding=\"async\" width=\"455\" height=\"361\" src=\"https:\/\/www.linkseride.com\/wp-content\/uploads\/2020\/12\/3.png\" class=\"attachment-full size-full\" alt=\"a motocicleta\" srcset=\"https:\/\/www.linkseride.com\/wp-content\/uploads\/2020\/12\/3.png 455w, https:\/\/www.linkseride.com\/wp-content\/uploads\/2020\/12\/3-300x238.png 300w\" sizes=\"(max-width: 455px) 100vw, 455px\" \/>\n\t\t\t<\/div><\/figure>\n\t\t<\/div>\n\n<h5>Apar\u00eancia de bicicleta de corrida com excelente estabilidade<\/h5>\n<p>Smooth lines express the aesthetics of movement.\u00a0 All our Storm bikes passed 300 thousand times of vibration test, no deformation and no crack.<\/p>\n<div id='gallery-2' class='gallery galleryid-2792 gallery-columns-2 gallery-size-full'><figure class='gallery-item'>\n\t\t\t<div class='gallery-icon landscape'>\n\t\t\t\t<img loading=\"lazy\" decoding=\"async\" width=\"434\" height=\"326\" src=\"https:\/\/www.linkseride.com\/wp-content\/uploads\/2020\/12\/4.png\" class=\"attachment-full size-full\" alt=\"moto el\u00e9trica motocicleta el\u00e9trica\" srcset=\"https:\/\/www.linkseride.com\/wp-content\/uploads\/2020\/12\/4.png 434w, https:\/\/www.linkseride.com\/wp-content\/uploads\/2020\/12\/4-300x225.png 300w\" sizes=\"(max-width: 434px) 100vw, 434px\" \/>\n\t\t\t<\/div><\/figure><figure class='gallery-item'>\n\t\t\t<div class='gallery-icon landscape'>\n\t\t\t\t<img loading=\"lazy\" decoding=\"async\" width=\"434\" height=\"325\" src=\"https:\/\/www.linkseride.com\/wp-content\/uploads\/2020\/12\/5.png\" class=\"attachment-full size-full\" alt=\"\" srcset=\"https:\/\/www.linkseride.com\/wp-content\/uploads\/2020\/12\/5.png 434w, https:\/\/www.linkseride.com\/wp-content\/uploads\/2020\/12\/5-300x225.png 300w\" sizes=\"(max-width: 434px) 100vw, 434px\" \/>\n\t\t\t<\/div><\/figure>\n\t\t<\/div>\n\n<h5>More Features about the E motorbike Storm<\/h5>\n<ul>\n<li>A porta de carregamento do carro pode carregar 0-80% em 4 horas<\/li>\n<li>Sistema de freio CBS\/ABS opcional<\/li>\n<li>desenvolvido com o motor QS<\/li>\n<li>Bateria da classe Evolt\/A para manter a seguran\u00e7a<\/li>\n<li>hidr\u00e1lica e nitrog\u00eanio<\/li>\n<li>A tela TFT mostra todos os detalhes<\/li>\n<\/ul>\n<div id='gallery-3' class='gallery galleryid-2792 gallery-columns-6 gallery-size-full'><figure class='gallery-item'>\n\t\t\t<div class='gallery-icon landscape'>\n\t\t\t\t<img loading=\"lazy\" decoding=\"async\" width=\"218\" height=\"137\" src=\"https:\/\/www.linkseride.com\/wp-content\/uploads\/2020\/12\/6.png\" class=\"attachment-full size-full\" alt=\"Pe\u00e7as de reposi\u00e7\u00e3o para motocicletas el\u00e9tricas\" \/>\n\t\t\t<\/div><\/figure><figure class='gallery-item'>\n\t\t\t<div class='gallery-icon landscape'>\n\t\t\t\t<img loading=\"lazy\" decoding=\"async\" width=\"217\" height=\"136\" src=\"https:\/\/www.linkseride.com\/wp-content\/uploads\/2020\/12\/7.png\" class=\"attachment-full size-full\" alt=\"Pe\u00e7as de reposi\u00e7\u00e3o para motocicletas el\u00e9tricas\" \/>\n\t\t\t<\/div><\/figure><figure class='gallery-item'>\n\t\t\t<div class='gallery-icon landscape'>\n\t\t\t\t<img loading=\"lazy\" decoding=\"async\" width=\"218\" height=\"136\" src=\"https:\/\/www.linkseride.com\/wp-content\/uploads\/2020\/12\/8.png\" class=\"attachment-full size-full\" alt=\"Pe\u00e7as de reposi\u00e7\u00e3o para motocicletas el\u00e9tricas\" \/>\n\t\t\t<\/div><\/figure><figure class='gallery-item'>\n\t\t\t<div class='gallery-icon landscape'>\n\t\t\t\t<img loading=\"lazy\" decoding=\"async\" width=\"217\" height=\"136\" src=\"https:\/\/www.linkseride.com\/wp-content\/uploads\/2020\/12\/9.png\" class=\"attachment-full size-full\" alt=\"Pe\u00e7as de reposi\u00e7\u00e3o para motocicletas el\u00e9tricas\" \/>\n\t\t\t<\/div><\/figure><figure class='gallery-item'>\n\t\t\t<div class='gallery-icon landscape'>\n\t\t\t\t<img loading=\"lazy\" decoding=\"async\" width=\"217\" height=\"136\" src=\"https:\/\/www.linkseride.com\/wp-content\/uploads\/2020\/12\/10.png\" class=\"attachment-full size-full\" alt=\"Pe\u00e7as de reposi\u00e7\u00e3o para motocicletas el\u00e9tricas\" \/>\n\t\t\t<\/div><\/figure><figure class='gallery-item'>\n\t\t\t<div class='gallery-icon landscape'>\n\t\t\t\t<img loading=\"lazy\" decoding=\"async\" width=\"218\" height=\"137\" src=\"https:\/\/www.linkseride.com\/wp-content\/uploads\/2020\/12\/11.png\" class=\"attachment-full size-full\" alt=\"\" \/>\n\t\t\t<\/div><\/figure>\n\t\t<\/div>\n\n<h5>E motorbike Storm Specification<\/h5>\n<table style=\"border-collapse: collapse; width: 1087px; height: 382px;\" border=\"0\" width=\"605\" cellspacing=\"0\" cellpadding=\"0\">\n<tbody>\n<tr style=\"height: 16.80pt;\">\n<td class=\"et2\" style=\"height: 16.8pt; width: 108.3pt; text-align: center;\" width=\"108\" height=\"16\"><strong>Modelo<\/strong><\/td>\n<td class=\"et2\" style=\"width: 165.8pt; text-align: center;\" width=\"165\"><strong>Tempestade E<\/strong><\/td>\n<td class=\"et2\" style=\"width: 165.8pt; text-align: center;\" width=\"165\"><strong>Tempestade<\/strong><\/td>\n<td class=\"et2\" style=\"width: 165.8pt; text-align: center;\" width=\"165\"><strong>Tempestade S<\/strong><\/td>\n<\/tr>\n<tr style=\"height: 16.80pt;\">\n<td style=\"height: 16.80pt;\" height=\"16\">Velocidade m\u00e1xima<\/td>\n<td class=\"et2\" style=\"text-align: center;\">100km\/h (62mph)<\/td>\n<td class=\"et2\" style=\"text-align: center;\">120km\/h (75mph)<\/td>\n<td class=\"et2\" style=\"text-align: center;\">150km\/h (93mph)<\/td>\n<\/tr>\n<tr style=\"height: 16.80pt;\">\n<td style=\"height: 16.80pt;\" height=\"16\">Capacidade m\u00e1xima<\/td>\n<td class=\"et2\" style=\"text-align: center;\">3,6 kWh (72V52Ah)<\/td>\n<td class=\"et2\" style=\"text-align: center;\">6,2 kWh (72V52Ah)<\/td>\n<td class=\"et2\" style=\"text-align: center;\">7,2 kWh (72V102Ah)<\/td>\n<\/tr>\n<tr style=\"height: 16.80pt;\">\n<td style=\"height: 16.8pt; text-align: left;\" height=\"16\">Faixa de cidades<\/td>\n<td class=\"et2\" style=\"text-align: center;\">120km (75milhas)<\/td>\n<td class=\"et2\" style=\"text-align: center;\">180 km (112 milhas)<\/td>\n<td class=\"et2\" style=\"text-align: center;\">200km (124milhas)<\/td>\n<\/tr>\n<tr style=\"height: 16.80pt;\">\n<td style=\"height: 16.8pt; text-align: left;\" height=\"16\">Pot\u00eancia nominal<\/td>\n<td class=\"et2\" style=\"text-align: center;\">3KW<\/td>\n<td class=\"et2\" style=\"text-align: center;\">5KW<\/td>\n<td class=\"et2\" style=\"text-align: center;\">8KW<\/td>\n<\/tr>\n<tr style=\"height: 16.80pt;\">\n<td style=\"height: 16.80pt;\" height=\"16\">ABS<\/td>\n<td class=\"et2\" style=\"text-align: center;\">Opcional<\/td>\n<td class=\"et2\" style=\"text-align: center;\">Opcional<\/td>\n<td class=\"et2\" style=\"text-align: center;\">configura\u00e7\u00e3o padr\u00e3o<\/td>\n<\/tr>\n<tr style=\"height: 16.80pt;\">\n<td style=\"height: 16.80pt;\" height=\"16\">Garantia da unidade de energia<\/td>\n<td class=\"et2\" style=\"text-align: center;\">3 anos\/quil\u00f4metros limitados<\/td>\n<td class=\"et2\" style=\"text-align: center;\">3 anos\/quil\u00f4metros limitados<\/td>\n<td class=\"et2\" style=\"text-align: center;\">3 anos\/quil\u00f4metros limitados<\/td>\n<\/tr>\n<tr style=\"height: 16.80pt;\">\n<td style=\"height: 16.8pt; text-align: left;\" height=\"16\">Garantia da motocicleta<\/td>\n<td class=\"et2\" style=\"text-align: center;\">2 anos<\/td>\n<td class=\"et2\" style=\"text-align: center;\">2 anos<\/td>\n<td class=\"et2\" style=\"text-align: center;\">2 anos<\/td>\n<\/tr>\n<\/tbody>\n<\/table>\n<p>Mais v\u00eddeos introdut\u00f3rios podem ser encontrados aqui:\u00a0<a href=\"https:\/\/www.youtube.com\/c\/LinksErideTech\" target=\"_blank\" rel=\"noopener\">https:\/\/www.youtube.com\/c\/LinksErideTech<\/a><\/p>\n<div class=\"ast-oembed-container\" style=\"height: 100%;\"><iframe title=\"2022 \u00daltimo modelo de motocicleta el\u00e9trica Storm 8KW\" width=\"500\" height=\"281\" src=\"https:\/\/www.youtube.com\/embed\/Sub8jdz2Akc?feature=oembed\" frameborder=\"0\" allow=\"accelerometer; autoplay; clipboard-write; encrypted-media; gyroscope; picture-in-picture; web-share\" referrerpolicy=\"strict-origin-when-cross-origin\" allowfullscreen><\/iframe><\/div>","protected":false},"excerpt":{"rendered":"<p>\u25cf E motorbike with Front and Rear Disc brake supply strong, reliable stopping power<\/p>\n<p>Pneus: Dianteiro: 110-70\/17 pneu a v\u00e1cuo, Traseiro: 140-60\/16 pneu a v\u00e1cuo<\/p>\n<p>Painel de controle LCD atualizado. Sua velocidade \u00e9 exibida em n\u00fameros digitais, bem como um od\u00f4metro que lhe permite saber a quilometragem de sua motocicleta<\/p>\n<p>O assento largo e densamente acolchoado garante conforto e estilo incompar\u00e1veis para o motociclista e o passageiro.<\/p>\n<p>\u25cf Personaliza\u00e7\u00e3o dispon\u00edvel!<\/p>","protected":false},"featured_media":8658,"template":"","meta":{"site-sidebar-layout":"default","site-content-layout":"default","ast-site-content-layout":"default","site-content-style":"default","site-sidebar-style":"default","ast-global-header-display":"","ast-banner-title-visibility":"","ast-main-header-display":"","ast-hfb-above-header-display":"","ast-hfb-below-header-display":"","ast-hfb-mobile-header-display":"","site-post-title":"","ast-breadcrumbs-content":"","ast-featured-img":"","footer-sml-layout":"","ast-disable-related-posts":"","theme-transparent-header-meta":"default","adv-header-id-meta":"","stick-header-meta":"","header-above-stick-meta":"","header-main-stick-meta":"","header-below-stick-meta":"","astra-migrate-meta-layouts":"default","ast-page-background-enabled":"default","ast-page-background-meta":{"desktop":{"background-color":"","background-image":"","background-repeat":"repeat","background-position":"center center","background-size":"auto","background-attachment":"scroll","background-type":"","background-media":"","overlay-type":"","overlay-color":"","overlay-opacity":"","overlay-gradient":""},"tablet":{"background-color":"","background-image":"","background-repeat":"repeat","background-position":"center center","background-size":"auto","background-attachment":"scroll","background-type":"","background-media":"","overlay-type":"","overlay-color":"","overlay-opacity":"","overlay-gradient":""},"mobile":{"background-color":"","background-image":"","background-repeat":"repeat","background-position":"center center","background-size":"auto","background-attachment":"scroll","background-type":"","background-media":"","overlay-type":"","overlay-color":"","overlay-opacity":"","overlay-gradient":""}},"ast-content-background-meta":{"desktop":{"background-color":"var(--ast-global-color-5)","background-image":"","background-repeat":"repeat","background-position":"center center","background-size":"auto","background-attachment":"scroll","background-type":"","background-media":"","overlay-type":"","overlay-color":"","overlay-opacity":"","overlay-gradient":""},"tablet":{"background-color":"var(--ast-global-color-5)","background-image":"","background-repeat":"repeat","background-position":"center center","background-size":"auto","background-attachment":"scroll","background-type":"","background-media":"","overlay-type":"","overlay-color":"","overlay-opacity":"","overlay-gradient":""},"mobile":{"background-color":"var(--ast-global-color-5)","background-image":"","background-repeat":"repeat","background-position":"center center","background-size":"auto","background-attachment":"scroll","background-type":"","background-media":"","overlay-type":"","overlay-color":"","overlay-opacity":"","overlay-gradient":""}}},"product_brand":[],"product_cat":[27],"product_tag":[],"class_list":{"0":"post-2792","1":"product","2":"type-product","3":"status-publish","4":"has-post-thumbnail","6":"product_cat-electric-motorcycle","7":"desktop-align-left","8":"tablet-align-left","9":"mobile-align-left","11":"first","12":"instock","13":"shipping-taxable","14":"purchasable","15":"product-type-simple"},"_links":{"self":[{"href":"https:\/\/www.linkseride.com\/pt\/wp-json\/wp\/v2\/product\/2792","targetHints":{"allow":["GET"]}}],"collection":[{"href":"https:\/\/www.linkseride.com\/pt\/wp-json\/wp\/v2\/product"}],"about":[{"href":"https:\/\/www.linkseride.com\/pt\/wp-json\/wp\/v2\/types\/product"}],"wp:featuredmedia":[{"embeddable":true,"href":"https:\/\/www.linkseride.com\/pt\/wp-json\/wp\/v2\/media\/8658"}],"wp:attachment":[{"href":"https:\/\/www.linkseride.com\/pt\/wp-json\/wp\/v2\/media?parent=2792"}],"wp:term":[{"taxonomy":"product_brand","embeddable":true,"href":"https:\/\/www.linkseride.com\/pt\/wp-json\/wp\/v2\/product_brand?post=2792"},{"taxonomy":"product_cat","embeddable":true,"href":"https:\/\/www.linkseride.com\/pt\/wp-json\/wp\/v2\/product_cat?post=2792"},{"taxonomy":"product_tag","embeddable":true,"href":"https:\/\/www.linkseride.com\/pt\/wp-json\/wp\/v2\/product_tag?post=2792"}],"curies":[{"name":"wp","href":"https:\/\/api.w.org\/{rel}","templated":true}]}}