{"id":5110,"date":"2021-12-24T09:40:15","date_gmt":"2021-12-24T09:40:15","guid":{"rendered":"http:\/\/linkseride.com\/?post_type=product&#038;p=5110"},"modified":"2022-04-09T06:16:22","modified_gmt":"2022-04-09T06:16:22","slug":"60v40ah-m2-scooter-lithium-battery","status":"publish","type":"product","link":"https:\/\/www.linkseride.com\/pt\/product\/60v40ah-m2-scooter-lithium-battery\/","title":{"rendered":"Bateria de l\u00edtio 60V40Ah M2 Fat Tire Scooter"},"content":{"rendered":"<h6>Linkseride 60V40Ah M2 Fat Tire Scooter Lithium Battery<\/h6>\n<p>&nbsp;<\/p>\n<p>Quick Swap Battery: 60V 40Ah capacity<br \/>\n1. Adequa\u00e7\u00e3o: Aplic\u00e1vel a motores de scooter de 1500W, 2000W e 3000W<br \/>\n2. CE RoHS UN38.3 MSDS<br \/>\n3. Enviado de nosso dep\u00f3sito nos EUA e na UE, entrega em 5 a 7 dias<\/p>\n<p>&nbsp;<\/p>\n<p>Tens\u00e3o de carregamento: 67,2v Tens\u00e3o nominal: 60v<br \/>\nPeso da bateria: cerca de 8,5 kg<br \/>\nEntrada: 110V-240V<br \/>\nCapacidade: 30Ah \/ 40AH atualizados<br \/>\nCorrente de descarga: 40A \/ 50A<br \/>\nTipo de bateria: Bateria recarreg\u00e1vel de \u00edons de l\u00edtio.<br \/>\nTens\u00e3o de sa\u00edda: 40-67,2 V CC<br \/>\nCorrente de carga: 5A<br \/>\nCorrente de carga: padr\u00e3o 5A, m\u00e1ximo 8,5A<br \/>\nVida \u00fatil do produto: Vida \u00fatil do ciclo Mais de 1000 vezes, DOD em 80%<br \/>\nTemperatura de carregamento: 0~45C<br \/>\nTemperatura de descarga: -20~60C<br \/>\nTemperatura de armazenamento: -20~45C<\/p>\n<p>&nbsp;<\/p>\n<h6>Charging of the Scooter Lithium Battery\uff1a<\/h6>\n<p>\u2022 It takes 6-8 hours for a full charge for a 40Ah completely empty battery<br \/>\n- Use sempre o carregador original que oferecemos junto com a embalagem para carregar sua bateria<br \/>\n- Carregue a bateria antes de receber as scooters<br \/>\n- Armazenamento: Carregue ou descarregue a bateria at\u00e9 aproximadamente 80% de capacidade antes de armazen\u00e1-la. Carregue a bateria com aproximadamente 80% de capacidade pelo menos uma vez a cada tr\u00eas meses. Armazene a bateria em temperaturas entre 5 \u00b0C e 20 \u00b0C (41 \u00b0F e 68 \u00b0F). A porta de descarga e a porta de carga devem estar sempre limpas.<\/p>\n<h6>Precau\u00e7\u00f5es de manuseio:<\/h6>\n<p>- N\u00e3o desmonte, esmague ou perfure a bateria.<br \/>\n- N\u00e3o provoque curto-circuito nos contatos externos de uma bateria.<br \/>\n- N\u00e3o descarte a bateria no fogo ou na \u00e1gua.<br \/>\n- N\u00e3o exponha a bateria a temperaturas acima de 60 \u00b0C (140 \u00b0F).<br \/>\n- Mantenha a bateria longe do alcance de crian\u00e7as.<br \/>\n- Evite expor a bateria a choques ou vibra\u00e7\u00f5es excessivas. N\u00e3o use uma bateria danificada.<\/p>\n<h6>Transporte:<\/h6>\n<p>Sempre verifique todas as regulamenta\u00e7\u00f5es locais, nacionais e internacionais aplic\u00e1veis antes de transportar produtos de bateria de \u00edons de l\u00edtio. Entre em contato conosco para obter detalhes antes de fazer um pedido.<\/p>\n<p>quick look at how to change or install the scooter battery here<\/p>\n<div class=\"ast-oembed-container\" style=\"height: 100%;\"><iframe title=\"M2 Electric Scooter Chopper Scooter Fat Tire Citycoco with 2000w 3000w 45ah 65km:h 100km+ range\" width=\"500\" height=\"281\" src=\"https:\/\/www.youtube.com\/embed\/c41lu7iZSfk?feature=oembed\" frameborder=\"0\" allow=\"accelerometer; autoplay; clipboard-write; encrypted-media; gyroscope; picture-in-picture; web-share\" referrerpolicy=\"strict-origin-when-cross-origin\" allowfullscreen><\/iframe><\/div>\n<p>Mais v\u00eddeos em nosso canal do YouTube: <a href=\"https:\/\/www.youtube.com\/c\/LinksErideTech\" target=\"_blank\" rel=\"noopener\">https:\/\/www.youtube.com\/c\/LinksErideTech<\/a><\/p>\n<p>Se estiver procurando outras pe\u00e7as sobressalentes para as scooters de pneus gordos, consulte aqui: <a href=\"https:\/\/www.linkseride.com\/pt\/fat-tire-scooter-accessories-scooter-parts\/\" target=\"_blank\" rel=\"noopener\">http:\/\/linkseride.com\/fat-tire-scooter-accessories-scooter-parts\/<\/a><\/p>","protected":false},"excerpt":{"rendered":"<p>\u25cf 60V40Ah M2 Fat Tire Scooter Lithium Battery<\/p>\n<p class=\"p1\"><span class=\"s1\">\u25cf<\/span><span class=\"s2\"> <b>Adequa\u00e7\u00e3o:<\/b> Aplic\u00e1vel a motores de scooter de 1500W, 2000W e 3000W<\/span><\/p>\n<p class=\"p1\"><span class=\"s1\">\u25cf<\/span><span class=\"s2\"> <b>Estoque em dep\u00f3sito:<\/b> Modelo M1P\/M2\/M8 fat tire scooter Armaz\u00e9m dispon\u00edvel nos EUA e na UE<\/span><\/p>","protected":false},"featured_media":5111,"template":"","meta":{"site-sidebar-layout":"default","site-content-layout":"default","ast-site-content-layout":"default","site-content-style":"default","site-sidebar-style":"default","ast-global-header-display":"","ast-banner-title-visibility":"","ast-main-header-display":"","ast-hfb-above-header-display":"","ast-hfb-below-header-display":"","ast-hfb-mobile-header-display":"","site-post-title":"","ast-breadcrumbs-content":"","ast-featured-img":"","footer-sml-layout":"","ast-disable-related-posts":"","theme-transparent-header-meta":"default","adv-header-id-meta":"","stick-header-meta":"","header-above-stick-meta":"","header-main-stick-meta":"","header-below-stick-meta":"","astra-migrate-meta-layouts":"default","ast-page-background-enabled":"default","ast-page-background-meta":{"desktop":{"background-color":"","background-image":"","background-repeat":"repeat","background-position":"center center","background-size":"auto","background-attachment":"scroll","background-type":"","background-media":"","overlay-type":"","overlay-color":"","overlay-opacity":"","overlay-gradient":""},"tablet":{"background-color":"","background-image":"","background-repeat":"repeat","background-position":"center center","background-size":"auto","background-attachment":"scroll","background-type":"","background-media":"","overlay-type":"","overlay-color":"","overlay-opacity":"","overlay-gradient":""},"mobile":{"background-color":"","background-image":"","background-repeat":"repeat","background-position":"center center","background-size":"auto","background-attachment":"scroll","background-type":"","background-media":"","overlay-type":"","overlay-color":"","overlay-opacity":"","overlay-gradient":""}},"ast-content-background-meta":{"desktop":{"background-color":"var(--ast-global-color-5)","background-image":"","background-repeat":"repeat","background-position":"center center","background-size":"auto","background-attachment":"scroll","background-type":"","background-media":"","overlay-type":"","overlay-color":"","overlay-opacity":"","overlay-gradient":""},"tablet":{"background-color":"var(--ast-global-color-5)","background-image":"","background-repeat":"repeat","background-position":"center center","background-size":"auto","background-attachment":"scroll","background-type":"","background-media":"","overlay-type":"","overlay-color":"","overlay-opacity":"","overlay-gradient":""},"mobile":{"background-color":"var(--ast-global-color-5)","background-image":"","background-repeat":"repeat","background-position":"center center","background-size":"auto","background-attachment":"scroll","background-type":"","background-media":"","overlay-type":"","overlay-color":"","overlay-opacity":"","overlay-gradient":""}}},"product_brand":[],"product_cat":[15],"product_tag":[],"class_list":{"0":"post-5110","1":"product","2":"type-product","3":"status-publish","4":"has-post-thumbnail","6":"product_cat-uncategorized","7":"desktop-align-left","8":"tablet-align-left","9":"mobile-align-left","11":"first","12":"instock","13":"shipping-taxable","14":"product-type-simple"},"_links":{"self":[{"href":"https:\/\/www.linkseride.com\/pt\/wp-json\/wp\/v2\/product\/5110","targetHints":{"allow":["GET"]}}],"collection":[{"href":"https:\/\/www.linkseride.com\/pt\/wp-json\/wp\/v2\/product"}],"about":[{"href":"https:\/\/www.linkseride.com\/pt\/wp-json\/wp\/v2\/types\/product"}],"wp:featuredmedia":[{"embeddable":true,"href":"https:\/\/www.linkseride.com\/pt\/wp-json\/wp\/v2\/media\/5111"}],"wp:attachment":[{"href":"https:\/\/www.linkseride.com\/pt\/wp-json\/wp\/v2\/media?parent=5110"}],"wp:term":[{"taxonomy":"product_brand","embeddable":true,"href":"https:\/\/www.linkseride.com\/pt\/wp-json\/wp\/v2\/product_brand?post=5110"},{"taxonomy":"product_cat","embeddable":true,"href":"https:\/\/www.linkseride.com\/pt\/wp-json\/wp\/v2\/product_cat?post=5110"},{"taxonomy":"product_tag","embeddable":true,"href":"https:\/\/www.linkseride.com\/pt\/wp-json\/wp\/v2\/product_tag?post=5110"}],"curies":[{"name":"wp","href":"https:\/\/api.w.org\/{rel}","templated":true}]}}