{"id":6577,"date":"2022-04-18T07:48:30","date_gmt":"2022-04-18T07:48:30","guid":{"rendered":"http:\/\/linkseride.com\/?post_type=product&#038;p=6577"},"modified":"2026-01-07T06:51:12","modified_gmt":"2026-01-07T06:51:12","slug":"scooter-de-golfe-individual-x7","status":"publish","type":"product","link":"https:\/\/www.linkseride.com\/pt\/product\/x7-single-person-golf-scooter\/","title":{"rendered":"Linkseride X7 Single Person Golf Scooter Two Wheel Scooter"},"content":{"rendered":"<h2>Linkseride X7 Scooter de golfe para uma pessoa<\/h2>\n<p>Somos apaixonados pelo que estamos fazendo com nosso futuro el\u00e9trico, incluindo <strong>scooters el\u00e9tricas, <a href=\"https:\/\/www.linkseride.com\/pt\/electric-motorcycle-manufacturer\/\" target=\"_blank\" rel=\"noopener\">patinete com pneus largos<\/a>, <a href=\"https:\/\/www.linkseride.com\/pt\/electric-motorcycle-manufacturer\/\" target=\"_blank\" rel=\"noopener\">scooter citycoco<\/a>, <a href=\"https:\/\/www.linkseride.com\/pt\/electric-moped-manufacturer\/\" target=\"_blank\" rel=\"noopener\">ciclomotor el\u00e9trico<\/a><\/strong> e etc.<\/p>\n<p>Esta scooter de golfe de duas rodas para uma pessoa utiliza uma bateria de l\u00edtio substitu\u00edvel e o apoio para os p\u00e9s largo proporciona uma condu\u00e7\u00e3o confort\u00e1vel e bem equilibrada.<\/p>\n<div id='gallery-1' class='gallery galleryid-6577 gallery-columns-2 gallery-size-full'><figure class='gallery-item'>\n\t\t\t<div class='gallery-icon landscape'>\n\t\t\t\t<img fetchpriority=\"high\" decoding=\"async\" width=\"1200\" height=\"1200\" src=\"https:\/\/www.linkseride.com\/wp-content\/uploads\/2022\/04\/linkseridetwowheelgolfscooterX7-1.jpg\" class=\"attachment-full size-full\" alt=\"single person golf scooter\" srcset=\"https:\/\/www.linkseride.com\/wp-content\/uploads\/2022\/04\/linkseridetwowheelgolfscooterX7-1.jpg 1200w, https:\/\/www.linkseride.com\/wp-content\/uploads\/2022\/04\/linkseridetwowheelgolfscooterX7-1-300x300.jpg 300w, https:\/\/www.linkseride.com\/wp-content\/uploads\/2022\/04\/linkseridetwowheelgolfscooterX7-1-1024x1024.jpg 1024w, https:\/\/www.linkseride.com\/wp-content\/uploads\/2022\/04\/linkseridetwowheelgolfscooterX7-1-150x150.jpg 150w, https:\/\/www.linkseride.com\/wp-content\/uploads\/2022\/04\/linkseridetwowheelgolfscooterX7-1-768x768.jpg 768w, https:\/\/www.linkseride.com\/wp-content\/uploads\/2022\/04\/linkseridetwowheelgolfscooterX7-1-600x600.jpg 600w, https:\/\/www.linkseride.com\/wp-content\/uploads\/2022\/04\/linkseridetwowheelgolfscooterX7-1-100x100.jpg 100w\" sizes=\"(max-width: 1200px) 100vw, 1200px\" \/>\n\t\t\t<\/div><\/figure><figure class='gallery-item'>\n\t\t\t<div class='gallery-icon landscape'>\n\t\t\t\t<img decoding=\"async\" width=\"1200\" height=\"1200\" src=\"https:\/\/www.linkseride.com\/wp-content\/uploads\/2022\/04\/linkseridetwowheelgolfscooterX7-5.jpg\" class=\"attachment-full size-full\" alt=\"single person golf scooter\" srcset=\"https:\/\/www.linkseride.com\/wp-content\/uploads\/2022\/04\/linkseridetwowheelgolfscooterX7-5.jpg 1200w, https:\/\/www.linkseride.com\/wp-content\/uploads\/2022\/04\/linkseridetwowheelgolfscooterX7-5-300x300.jpg 300w, https:\/\/www.linkseride.com\/wp-content\/uploads\/2022\/04\/linkseridetwowheelgolfscooterX7-5-1024x1024.jpg 1024w, https:\/\/www.linkseride.com\/wp-content\/uploads\/2022\/04\/linkseridetwowheelgolfscooterX7-5-150x150.jpg 150w, https:\/\/www.linkseride.com\/wp-content\/uploads\/2022\/04\/linkseridetwowheelgolfscooterX7-5-768x768.jpg 768w, https:\/\/www.linkseride.com\/wp-content\/uploads\/2022\/04\/linkseridetwowheelgolfscooterX7-5-600x600.jpg 600w, https:\/\/www.linkseride.com\/wp-content\/uploads\/2022\/04\/linkseridetwowheelgolfscooterX7-5-100x100.jpg 100w\" sizes=\"(max-width: 1200px) 100vw, 1200px\" \/>\n\t\t\t<\/div><\/figure>\n\t\t<\/div>\n\n<h2><\/h2>\n<h2><img decoding=\"async\" class=\"alignnone wp-image-11018 size-full\" src=\"https:\/\/www.linkseride.com\/wp-content\/uploads\/2022\/04\/X6X7-1.png\" alt=\"\" width=\"1280\" height=\"720\" srcset=\"https:\/\/www.linkseride.com\/wp-content\/uploads\/2022\/04\/X6X7-1.png 1280w, https:\/\/www.linkseride.com\/wp-content\/uploads\/2022\/04\/X6X7-1-300x169.png 300w, https:\/\/www.linkseride.com\/wp-content\/uploads\/2022\/04\/X6X7-1-1024x576.png 1024w, https:\/\/www.linkseride.com\/wp-content\/uploads\/2022\/04\/X6X7-1-768x432.png 768w, https:\/\/www.linkseride.com\/wp-content\/uploads\/2022\/04\/X6X7-1-600x338.png 600w\" sizes=\"(max-width: 1280px) 100vw, 1280px\" \/><\/h2>\n<h2>Different Rear Rack Options of this X7 Single Person Golf Scooter?<\/h2>\n<table style=\"border-collapse: collapse; width: 1137px; height: 575px;\" border=\"0\" width=\"307\" cellspacing=\"0\" cellpadding=\"0\">\n<tbody>\n<tr style=\"height: 68.00pt;\">\n<td class=\"et3\" style=\"height: 68pt; width: 102.45pt; text-align: center;\" width=\"102\" height=\"68\">\n<h5><strong>Golfe X7 de duas rodas<\/strong><\/h5>\n<p>(padr\u00e3o)<\/td>\n<td class=\"et3\" style=\"width: 102.45pt; text-align: center;\" width=\"102\">\n<h5><strong>X7 1.0 golfe de duas rodas<\/strong><\/h5>\n<\/td>\n<td class=\"et3\" style=\"width: 102.45pt; text-align: center;\" width=\"102\">\n<h5><strong>X7 2.0 Gol de duas rodas<\/strong><\/h5>\n<p>(padr\u00e3o)<\/td>\n<\/tr>\n<tr style=\"height: 16.80pt;\">\n<td class=\"et3\" style=\"height: 16.80pt; width: 102.45pt;\" width=\"102\" height=\"16\"><img loading=\"lazy\" decoding=\"async\" class=\"size-medium wp-image-11412 aligncenter\" src=\"https:\/\/www.linkseride.com\/wp-content\/uploads\/2022\/04\/one-person-golf-scooter-1-300x300.jpg\" alt=\"Scooter de golfe para uma pessoa\" width=\"300\" height=\"300\" srcset=\"https:\/\/www.linkseride.com\/wp-content\/uploads\/2022\/04\/one-person-golf-scooter-1-300x300.jpg 300w, https:\/\/www.linkseride.com\/wp-content\/uploads\/2022\/04\/one-person-golf-scooter-1-1024x1024.jpg 1024w, https:\/\/www.linkseride.com\/wp-content\/uploads\/2022\/04\/one-person-golf-scooter-1-150x150.jpg 150w, https:\/\/www.linkseride.com\/wp-content\/uploads\/2022\/04\/one-person-golf-scooter-1-768x768.jpg 768w, https:\/\/www.linkseride.com\/wp-content\/uploads\/2022\/04\/one-person-golf-scooter-1-12x12.jpg 12w, https:\/\/www.linkseride.com\/wp-content\/uploads\/2022\/04\/one-person-golf-scooter-1-600x600.jpg 600w, https:\/\/www.linkseride.com\/wp-content\/uploads\/2022\/04\/one-person-golf-scooter-1-100x100.jpg 100w, https:\/\/www.linkseride.com\/wp-content\/uploads\/2022\/04\/one-person-golf-scooter-1.jpg 1040w\" sizes=\"(max-width: 300px) 100vw, 300px\" \/><\/td>\n<td class=\"et3\" style=\"width: 102.45pt;\" width=\"102\"><img loading=\"lazy\" decoding=\"async\" class=\"size-medium wp-image-11413 aligncenter\" src=\"https:\/\/www.linkseride.com\/wp-content\/uploads\/2022\/04\/one-person-golf-scooter-2-300x300.jpg\" alt=\"Scooter de golfe para uma pessoa\" width=\"300\" height=\"300\" srcset=\"https:\/\/www.linkseride.com\/wp-content\/uploads\/2022\/04\/one-person-golf-scooter-2-300x300.jpg 300w, https:\/\/www.linkseride.com\/wp-content\/uploads\/2022\/04\/one-person-golf-scooter-2-1024x1024.jpg 1024w, https:\/\/www.linkseride.com\/wp-content\/uploads\/2022\/04\/one-person-golf-scooter-2-150x150.jpg 150w, https:\/\/www.linkseride.com\/wp-content\/uploads\/2022\/04\/one-person-golf-scooter-2-768x768.jpg 768w, https:\/\/www.linkseride.com\/wp-content\/uploads\/2022\/04\/one-person-golf-scooter-2-12x12.jpg 12w, https:\/\/www.linkseride.com\/wp-content\/uploads\/2022\/04\/one-person-golf-scooter-2-600x600.jpg 600w, https:\/\/www.linkseride.com\/wp-content\/uploads\/2022\/04\/one-person-golf-scooter-2-100x100.jpg 100w, https:\/\/www.linkseride.com\/wp-content\/uploads\/2022\/04\/one-person-golf-scooter-2.jpg 1040w\" sizes=\"(max-width: 300px) 100vw, 300px\" \/><\/td>\n<td class=\"et3\" style=\"width: 102.45pt;\" width=\"102\"><img loading=\"lazy\" decoding=\"async\" class=\"size-medium wp-image-11406 aligncenter\" src=\"https:\/\/www.linkseride.com\/wp-content\/uploads\/2022\/04\/one-person-golf-scooter10-300x300.jpg\" alt=\"scooter de golfe para uma pessoa\" width=\"300\" height=\"300\" srcset=\"https:\/\/www.linkseride.com\/wp-content\/uploads\/2022\/04\/one-person-golf-scooter10-300x300.jpg 300w, https:\/\/www.linkseride.com\/wp-content\/uploads\/2022\/04\/one-person-golf-scooter10-1024x1024.jpg 1024w, https:\/\/www.linkseride.com\/wp-content\/uploads\/2022\/04\/one-person-golf-scooter10-150x150.jpg 150w, https:\/\/www.linkseride.com\/wp-content\/uploads\/2022\/04\/one-person-golf-scooter10-768x768.jpg 768w, https:\/\/www.linkseride.com\/wp-content\/uploads\/2022\/04\/one-person-golf-scooter10-12x12.jpg 12w, https:\/\/www.linkseride.com\/wp-content\/uploads\/2022\/04\/one-person-golf-scooter10-600x600.jpg 600w, https:\/\/www.linkseride.com\/wp-content\/uploads\/2022\/04\/one-person-golf-scooter10-100x100.jpg 100w, https:\/\/www.linkseride.com\/wp-content\/uploads\/2022\/04\/one-person-golf-scooter10.jpg 1280w\" sizes=\"(max-width: 300px) 100vw, 300px\" \/><\/td>\n<\/tr>\n<tr style=\"height: 168.00pt;\">\n<td class=\"et3\" style=\"height: 168.00pt; width: 102.45pt;\" width=\"102\" height=\"168\">Observa\u00e7\u00e3o: scooter X7 padr\u00e3o (2 assentos) adicionando o rack de golfe. 2 op\u00e7\u00f5es de rack para escolher. Confirme a imagem detalhada com nossa equipe de vendas. E-mail: <a href=\"mailto:info@linkseride.com\">info@linkseride.com<\/a><\/td>\n<td class=\"et3\" style=\"width: 102.45pt;\" width=\"102\">Observa\u00e7\u00e3o: Projeto OEM com assento \u00fanico. Adi\u00e7\u00e3o de cesta traseira para caixa t\u00e9rmica. Rack de golfe OEM.<\/td>\n<td class=\"et3\" style=\"width: 102.45pt;\" width=\"102\">Observa\u00e7\u00e3o: atualize o rack de armazenamento traseiro com o rack de golfe traseiro. Assento \u00fanico, mas com tamanho maior para melhor experi\u00eancia.<\/td>\n<\/tr>\n<\/tbody>\n<\/table>\n<h2>Quais s\u00e3o as caracter\u00edsticas desta Scooter de Golfe Individual X7?<\/h2>\n<ul>\n<li>Motor el\u00e9trico com pot\u00eancia nominal de 2000 W<\/li>\n<li><strong>60v<\/strong>\u00a0<strong>Bateria de 20AH <\/strong>oferece campo de golfe com mais de 18 buracos<\/li>\n<li>carregador padr\u00e3o de 5 Ah, tempo de carregamento em 4-6 horas<\/li>\n<li>Op\u00e7\u00e3o de 2 lugares com material almofadado para melhorar a sensa\u00e7\u00e3o de condu\u00e7\u00e3o<\/li>\n<li>suporte para tacos de golfe opcional para OEM<\/li>\n<\/ul>\n<table>\n<tbody>\n<tr>\n<td>Pot\u00eancia do motor<\/td>\n<td>2000 W<\/td>\n<\/tr>\n<tr>\n<td>Velocidade m\u00e1xima<\/td>\n<td>45 km\/h<\/td>\n<\/tr>\n<tr>\n<td>Alcance m\u00e1ximo<\/td>\n<td>60 km<\/td>\n<\/tr>\n<tr>\n<td>Capacidade da bateria<\/td>\n<td>60 V 20 Ah<\/td>\n<\/tr>\n<tr>\n<td>Material da estrutura<\/td>\n<td>Tubo de a\u00e7o sem costura<\/td>\n<\/tr>\n<tr>\n<td>Aros<\/td>\n<td>8 polegadas<\/td>\n<\/tr>\n<tr>\n<td>Carga m\u00e1xima<\/td>\n<td>200 kg<\/td>\n<\/tr>\n<tr>\n<td>Escalada m\u00e1xima<\/td>\n<td>30\u00b0<\/td>\n<\/tr>\n<tr>\n<td>Freio<\/td>\n<td>Freio a disco hidr\u00e1ulico dianteiro e traseiro<\/td>\n<\/tr>\n<tr>\n<td>Tamanho da embalagem<\/td>\n<td>191 x 37 x 85 cm<\/td>\n<\/tr>\n<tr>\n<td>N.W\/G.W<\/td>\n<td>89 kg<\/td>\n<\/tr>\n<\/tbody>\n<\/table>\n<h2>Por que escolher este tipo de scooter de golfe para uma pessoa?<\/h2>\n<p>Tamb\u00e9m temos outros modelos de scooters el\u00e9tricas para golfe para um \u00fanico passageiro. Se precisar de mais informa\u00e7\u00f5es, voc\u00ea pode<a href=\"https:\/\/www.linkseride.com\/pt\/fat-tire-golf-scooter-golf-cart-trouring\/\" target=\"_blank\" rel=\"noopener\"> Encontre aqui.<\/a><\/p>\n<p>Mais v\u00eddeos introdut\u00f3rios podem ser encontrados aqui: <a href=\"https:\/\/www.youtube.com\/c\/LinksErideTech\" target=\"_blank\" rel=\"noopener\">https:\/\/www.youtube.com\/c\/LinksErideTech<\/a><\/p>\n<div class=\"ast-oembed-container\" style=\"height: 100%;\"><iframe title=\"Linkseride X7 Single Rider Electric Golf Scooter Scooter de duas rodas\" width=\"500\" height=\"281\" src=\"https:\/\/www.youtube.com\/embed\/peoTQBpCvrg?feature=oembed&#038;enablejsapi=1&#038;origin=https:\/\/www.linkseride.com\" frameborder=\"0\" allow=\"accelerometer; autoplay; clipboard-write; encrypted-media; gyroscope; picture-in-picture; web-share\" referrerpolicy=\"strict-origin-when-cross-origin\" allowfullscreen><\/iframe><\/div>","protected":false},"excerpt":{"rendered":"<p>\u25cf Scooter de golfe individual X7 com motor el\u00e9trico de cubo com pot\u00eancia nominal de 2000 W<\/p>\n<p>\u25cf A bateria de 60 V e 20 Ah oferece autonomia para mais de 18 buracos<\/p>\n<p>\u25cf Carregador padr\u00e3o de 5 Ah, tempo de carregamento em 4-6 horas<\/p>\n<p>\u25cf Op\u00e7\u00e3o de 2 lugares com material almofadado para melhorar a sensa\u00e7\u00e3o de condu\u00e7\u00e3o<\/p>","protected":false},"featured_media":6589,"template":"","meta":{"site-sidebar-layout":"default","site-content-layout":"default","ast-site-content-layout":"default","site-content-style":"default","site-sidebar-style":"default","ast-global-header-display":"","ast-banner-title-visibility":"","ast-main-header-display":"","ast-hfb-above-header-display":"","ast-hfb-below-header-display":"","ast-hfb-mobile-header-display":"","site-post-title":"","ast-breadcrumbs-content":"","ast-featured-img":"","footer-sml-layout":"","ast-disable-related-posts":"","theme-transparent-header-meta":"default","adv-header-id-meta":"","stick-header-meta":"","header-above-stick-meta":"","header-main-stick-meta":"","header-below-stick-meta":"","astra-migrate-meta-layouts":"set","ast-page-background-enabled":"default","ast-page-background-meta":{"desktop":{"background-color":"","background-image":"","background-repeat":"repeat","background-position":"center center","background-size":"auto","background-attachment":"scroll","background-type":"","background-media":"","overlay-type":"","overlay-color":"","overlay-opacity":"","overlay-gradient":""},"tablet":{"background-color":"","background-image":"","background-repeat":"repeat","background-position":"center center","background-size":"auto","background-attachment":"scroll","background-type":"","background-media":"","overlay-type":"","overlay-color":"","overlay-opacity":"","overlay-gradient":""},"mobile":{"background-color":"","background-image":"","background-repeat":"repeat","background-position":"center center","background-size":"auto","background-attachment":"scroll","background-type":"","background-media":"","overlay-type":"","overlay-color":"","overlay-opacity":"","overlay-gradient":""}},"ast-content-background-meta":{"desktop":{"background-color":"var(--ast-global-color-5)","background-image":"","background-repeat":"repeat","background-position":"center center","background-size":"auto","background-attachment":"scroll","background-type":"","background-media":"","overlay-type":"","overlay-color":"","overlay-opacity":"","overlay-gradient":""},"tablet":{"background-color":"var(--ast-global-color-5)","background-image":"","background-repeat":"repeat","background-position":"center center","background-size":"auto","background-attachment":"scroll","background-type":"","background-media":"","overlay-type":"","overlay-color":"","overlay-opacity":"","overlay-gradient":""},"mobile":{"background-color":"var(--ast-global-color-5)","background-image":"","background-repeat":"repeat","background-position":"center center","background-size":"auto","background-attachment":"scroll","background-type":"","background-media":"","overlay-type":"","overlay-color":"","overlay-opacity":"","overlay-gradient":""}}},"product_brand":[],"product_cat":[45],"product_tag":[38,47,48],"class_list":{"0":"post-6577","1":"product","2":"type-product","3":"status-publish","4":"has-post-thumbnail","6":"product_cat-electric-golf-scooter","7":"product_tag-citycoco-scooter","8":"product_tag-golf-scooter","9":"product_tag-single-rider-golf-scooter","10":"desktop-align-left","11":"tablet-align-left","12":"mobile-align-left","14":"first","15":"instock","16":"shipping-taxable","17":"product-type-simple"},"_links":{"self":[{"href":"https:\/\/www.linkseride.com\/pt\/wp-json\/wp\/v2\/product\/6577","targetHints":{"allow":["GET"]}}],"collection":[{"href":"https:\/\/www.linkseride.com\/pt\/wp-json\/wp\/v2\/product"}],"about":[{"href":"https:\/\/www.linkseride.com\/pt\/wp-json\/wp\/v2\/types\/product"}],"wp:featuredmedia":[{"embeddable":true,"href":"https:\/\/www.linkseride.com\/pt\/wp-json\/wp\/v2\/media\/6589"}],"wp:attachment":[{"href":"https:\/\/www.linkseride.com\/pt\/wp-json\/wp\/v2\/media?parent=6577"}],"wp:term":[{"taxonomy":"product_brand","embeddable":true,"href":"https:\/\/www.linkseride.com\/pt\/wp-json\/wp\/v2\/product_brand?post=6577"},{"taxonomy":"product_cat","embeddable":true,"href":"https:\/\/www.linkseride.com\/pt\/wp-json\/wp\/v2\/product_cat?post=6577"},{"taxonomy":"product_tag","embeddable":true,"href":"https:\/\/www.linkseride.com\/pt\/wp-json\/wp\/v2\/product_tag?post=6577"}],"curies":[{"name":"wp","href":"https:\/\/api.w.org\/{rel}","templated":true}]}}