{"id":6597,"date":"2022-04-18T13:25:24","date_gmt":"2022-04-18T13:25:24","guid":{"rendered":"http:\/\/linkseride.com\/?post_type=product&#038;p=6597"},"modified":"2026-01-07T07:32:46","modified_gmt":"2026-01-07T07:32:46","slug":"linkseride-x7-3-wheel-golf-scooter","status":"publish","type":"product","link":"https:\/\/www.linkseride.com\/pt\/product\/linkseride-x7-3-wheel-golf-scooter\/","title":{"rendered":"Linkseride X7 3 Wheel Golf Scooter Electric Trike Scooter"},"content":{"rendered":"<h2>Linkseride X7 3 Wheel Golf Scooter Single Rider Golf Cart<\/h2>\n<p>Somos apaixonados pelo que estamos fazendo com nosso futuro el\u00e9trico, incluindo <strong>scooters el\u00e9tricas, <a href=\"https:\/\/www.linkseride.com\/pt\/fabricante-de-motocicletas-eletricas\/\" target=\"_blank\" rel=\"noopener\">patinete com pneus largos<\/a>, <a href=\"https:\/\/www.linkseride.com\/pt\/fabricante-de-motocicletas-eletricas\/\" target=\"_blank\" rel=\"noopener\">scooter citycoco<\/a>, <a href=\"https:\/\/www.linkseride.com\/pt\/fabricante-de-ciclomotores-eletricos\/\" target=\"_blank\" rel=\"noopener\">ciclomotor el\u00e9trico<\/a><\/strong> e etc.<\/p>\n<p>This X7 3 wheel gold scooter is an upgrade of the X7 two-wheel golf scooter. We are now offering different rear rack options for you to choose from. We can do:<\/p>\n<ol>\n<li>option 1: with 2 seats and simple golf rack<\/li>\n<li>option 2: with 1 seat plus storage cage and golf rack<\/li>\n<\/ol>\n<p>For detailes or OEM needs, please contact our sales team. email:<a href=\"mailto:info@linkseride.com\"> info@linkseride.com<\/a><\/p>\n<div id='gallery-1' class='gallery galleryid-6597 gallery-columns-3 gallery-size-full'><figure class='gallery-item'>\n\t\t\t<div class='gallery-icon landscape'>\n\t\t\t\t<img fetchpriority=\"high\" decoding=\"async\" width=\"800\" height=\"533\" src=\"https:\/\/www.linkseride.com\/wp-content\/uploads\/2022\/04\/3-wheel-golf-scooter-1.jpg\" class=\"attachment-full size-full\" alt=\"3 wheel golf scooter\" srcset=\"https:\/\/www.linkseride.com\/wp-content\/uploads\/2022\/04\/3-wheel-golf-scooter-1.jpg 800w, https:\/\/www.linkseride.com\/wp-content\/uploads\/2022\/04\/3-wheel-golf-scooter-1-300x200.jpg 300w, https:\/\/www.linkseride.com\/wp-content\/uploads\/2022\/04\/3-wheel-golf-scooter-1-768x512.jpg 768w, https:\/\/www.linkseride.com\/wp-content\/uploads\/2022\/04\/3-wheel-golf-scooter-1-18x12.jpg 18w, https:\/\/www.linkseride.com\/wp-content\/uploads\/2022\/04\/3-wheel-golf-scooter-1-600x400.jpg 600w\" sizes=\"(max-width: 800px) 100vw, 800px\" \/>\n\t\t\t<\/div><\/figure><figure class='gallery-item'>\n\t\t\t<div class='gallery-icon landscape'>\n\t\t\t\t<img decoding=\"async\" width=\"800\" height=\"533\" src=\"https:\/\/www.linkseride.com\/wp-content\/uploads\/2022\/04\/3-wheel-golf-scooter-2.jpg\" class=\"attachment-full size-full\" alt=\"3 wheel golf scooter\" srcset=\"https:\/\/www.linkseride.com\/wp-content\/uploads\/2022\/04\/3-wheel-golf-scooter-2.jpg 800w, https:\/\/www.linkseride.com\/wp-content\/uploads\/2022\/04\/3-wheel-golf-scooter-2-300x200.jpg 300w, https:\/\/www.linkseride.com\/wp-content\/uploads\/2022\/04\/3-wheel-golf-scooter-2-768x512.jpg 768w, https:\/\/www.linkseride.com\/wp-content\/uploads\/2022\/04\/3-wheel-golf-scooter-2-18x12.jpg 18w, https:\/\/www.linkseride.com\/wp-content\/uploads\/2022\/04\/3-wheel-golf-scooter-2-600x400.jpg 600w\" sizes=\"(max-width: 800px) 100vw, 800px\" \/>\n\t\t\t<\/div><\/figure><figure class='gallery-item'>\n\t\t\t<div class='gallery-icon landscape'>\n\t\t\t\t<img decoding=\"async\" width=\"800\" height=\"533\" src=\"https:\/\/www.linkseride.com\/wp-content\/uploads\/2022\/04\/3-wheel-golf-scooter-4.jpg\" class=\"attachment-full size-full\" alt=\"3 wheel golf scooter\" srcset=\"https:\/\/www.linkseride.com\/wp-content\/uploads\/2022\/04\/3-wheel-golf-scooter-4.jpg 800w, https:\/\/www.linkseride.com\/wp-content\/uploads\/2022\/04\/3-wheel-golf-scooter-4-300x200.jpg 300w, https:\/\/www.linkseride.com\/wp-content\/uploads\/2022\/04\/3-wheel-golf-scooter-4-768x512.jpg 768w, https:\/\/www.linkseride.com\/wp-content\/uploads\/2022\/04\/3-wheel-golf-scooter-4-18x12.jpg 18w, https:\/\/www.linkseride.com\/wp-content\/uploads\/2022\/04\/3-wheel-golf-scooter-4-600x400.jpg 600w\" sizes=\"(max-width: 800px) 100vw, 800px\" \/>\n\t\t\t<\/div><\/figure>\n\t\t<\/div>\n\n<div id='gallery-2' class='gallery galleryid-6597 gallery-columns-2 gallery-size-full'><figure class='gallery-item'>\n\t\t\t<div class='gallery-icon landscape'>\n\t\t\t\t<img loading=\"lazy\" decoding=\"async\" width=\"800\" height=\"533\" src=\"https:\/\/www.linkseride.com\/wp-content\/uploads\/2022\/04\/3-wheel-golf-scooter-5.jpg\" class=\"attachment-full size-full\" alt=\"3 wheel golf scooter\" srcset=\"https:\/\/www.linkseride.com\/wp-content\/uploads\/2022\/04\/3-wheel-golf-scooter-5.jpg 800w, https:\/\/www.linkseride.com\/wp-content\/uploads\/2022\/04\/3-wheel-golf-scooter-5-300x200.jpg 300w, https:\/\/www.linkseride.com\/wp-content\/uploads\/2022\/04\/3-wheel-golf-scooter-5-768x512.jpg 768w, https:\/\/www.linkseride.com\/wp-content\/uploads\/2022\/04\/3-wheel-golf-scooter-5-18x12.jpg 18w, https:\/\/www.linkseride.com\/wp-content\/uploads\/2022\/04\/3-wheel-golf-scooter-5-600x400.jpg 600w\" sizes=\"(max-width: 800px) 100vw, 800px\" \/>\n\t\t\t<\/div><\/figure><figure class='gallery-item'>\n\t\t\t<div class='gallery-icon landscape'>\n\t\t\t\t<img loading=\"lazy\" decoding=\"async\" width=\"800\" height=\"533\" src=\"https:\/\/www.linkseride.com\/wp-content\/uploads\/2022\/04\/3-wheel-golf-scooter-3.jpg\" class=\"attachment-full size-full\" alt=\"3 wheel golf scooter\" srcset=\"https:\/\/www.linkseride.com\/wp-content\/uploads\/2022\/04\/3-wheel-golf-scooter-3.jpg 800w, https:\/\/www.linkseride.com\/wp-content\/uploads\/2022\/04\/3-wheel-golf-scooter-3-300x200.jpg 300w, https:\/\/www.linkseride.com\/wp-content\/uploads\/2022\/04\/3-wheel-golf-scooter-3-768x512.jpg 768w, https:\/\/www.linkseride.com\/wp-content\/uploads\/2022\/04\/3-wheel-golf-scooter-3-18x12.jpg 18w, https:\/\/www.linkseride.com\/wp-content\/uploads\/2022\/04\/3-wheel-golf-scooter-3-600x400.jpg 600w\" sizes=\"(max-width: 800px) 100vw, 800px\" \/>\n\t\t\t<\/div><\/figure>\n\t\t<\/div>\n\n<h2>what is the features of this X7 3 Wheel Golf Scooter ?<\/h2>\n<ul>\n<li>Motor el\u00e9trico com pot\u00eancia nominal de 2000 W<\/li>\n<li><strong>60v<\/strong>\u00a0<strong>Bateria de 20AH <\/strong>provides max range 35miles<\/li>\n<li>different usage with the 3 wheel trike scooter, either for adults or for 3 wheel golf scooter<\/li>\n<li>Op\u00e7\u00e3o de 2 lugares com material almofadado para melhorar a sensa\u00e7\u00e3o de condu\u00e7\u00e3o<\/li>\n<li>O visor LCD mostra o veloc\u00edmetro, a quilometragem, a tens\u00e3o e o n\u00edvel de pot\u00eancia<\/li>\n<\/ul>\n<table>\n<tbody>\n<tr>\n<td>Pot\u00eancia do motor<\/td>\n<td>2000 W<\/td>\n<\/tr>\n<tr>\n<td>Velocidade m\u00e1xima<\/td>\n<td>45 km\/h<\/td>\n<\/tr>\n<tr>\n<td>Alcance m\u00e1ximo<\/td>\n<td>60 km<\/td>\n<\/tr>\n<tr>\n<td>Capacidade da bateria<\/td>\n<td>60 V 20 Ah<\/td>\n<\/tr>\n<tr>\n<td>Material da estrutura<\/td>\n<td>Tubo de a\u00e7o sem costura<\/td>\n<\/tr>\n<tr>\n<td>Tamanho do pneu<\/td>\n<td>215\/40-8 v\u00e1cuo Sem c\u00e2mara<\/td>\n<\/tr>\n<tr>\n<td>Carga m\u00e1xima<\/td>\n<td>200 kg<\/td>\n<\/tr>\n<tr>\n<td>N.W\/G.W<\/td>\n<td>89 kg<\/td>\n<\/tr>\n<tr>\n<td>Outros recursos<\/td>\n<td>Suporte para telefone com porta USB<\/p>\n<p>Alto-falante Bluetooth<\/p>\n<p>Bolsa de selim<\/td>\n<\/tr>\n<\/tbody>\n<\/table>\n<h2>Por que escolher este tipo de scooter de golfe para uma pessoa?<\/h2>\n<p>Tamb\u00e9m temos outros modelos de scooters el\u00e9tricas para golfe para um \u00fanico passageiro. Se precisar de mais informa\u00e7\u00f5es, voc\u00ea pode<a href=\"https:\/\/www.linkseride.com\/pt\/fat-tire-golf-scooter-golf-cart-trouring\/\" target=\"_blank\" rel=\"noopener\"> Encontre aqui.<\/a><\/p>\n<p>Mais v\u00eddeos introdut\u00f3rios podem ser encontrados aqui: <a href=\"https:\/\/www.youtube.com\/c\/LinksErideTech\" target=\"_blank\" rel=\"noopener\">https:\/\/www.youtube.com\/c\/LinksErideTech<\/a><\/p>\n<div class=\"ast-oembed-container\" style=\"height: 100%;\"><iframe title=\"X7 Three Wheeler Electric Scooter Tricycle Assembly Video\" width=\"500\" height=\"281\" src=\"https:\/\/www.youtube.com\/embed\/4ZWD6MGbfns?feature=oembed&#038;enablejsapi=1&#038;origin=https:\/\/www.linkseride.com\" frameborder=\"0\" allow=\"accelerometer; autoplay; clipboard-write; encrypted-media; gyroscope; picture-in-picture; web-share\" referrerpolicy=\"strict-origin-when-cross-origin\" allowfullscreen><\/iframe><\/div>","protected":false},"excerpt":{"rendered":"<p>\u25cf X7 3 wheel golf scooter with 2000w rated power electric hub motor<\/p>\n<p>\u25cf <strong>60v<\/strong>\u00a0<strong>Bateria de 20AH <\/strong>provides max range 35miles<\/p>\n<p>\u25cf different usage with the 3 wheel trike scooter, either for adults or for 3 wheel golf scooter<\/p>\n<p>\u25cf Op\u00e7\u00e3o de 2 lugares com material almofadado para melhorar a sensa\u00e7\u00e3o de condu\u00e7\u00e3o<\/p>\n<p>\u25cf O visor LCD mostra o veloc\u00edmetro, a quilometragem, a voltagem e o n\u00edvel de pot\u00eancia.<\/p>","protected":false},"featured_media":6601,"template":"","meta":{"site-sidebar-layout":"default","site-content-layout":"default","ast-site-content-layout":"default","site-content-style":"default","site-sidebar-style":"default","ast-global-header-display":"","ast-banner-title-visibility":"","ast-main-header-display":"","ast-hfb-above-header-display":"","ast-hfb-below-header-display":"","ast-hfb-mobile-header-display":"","site-post-title":"","ast-breadcrumbs-content":"","ast-featured-img":"","footer-sml-layout":"","ast-disable-related-posts":"","theme-transparent-header-meta":"default","adv-header-id-meta":"","stick-header-meta":"","header-above-stick-meta":"","header-main-stick-meta":"","header-below-stick-meta":"","astra-migrate-meta-layouts":"set","ast-page-background-enabled":"default","ast-page-background-meta":{"desktop":{"background-color":"","background-image":"","background-repeat":"repeat","background-position":"center center","background-size":"auto","background-attachment":"scroll","background-type":"","background-media":"","overlay-type":"","overlay-color":"","overlay-opacity":"","overlay-gradient":""},"tablet":{"background-color":"","background-image":"","background-repeat":"repeat","background-position":"center center","background-size":"auto","background-attachment":"scroll","background-type":"","background-media":"","overlay-type":"","overlay-color":"","overlay-opacity":"","overlay-gradient":""},"mobile":{"background-color":"","background-image":"","background-repeat":"repeat","background-position":"center center","background-size":"auto","background-attachment":"scroll","background-type":"","background-media":"","overlay-type":"","overlay-color":"","overlay-opacity":"","overlay-gradient":""}},"ast-content-background-meta":{"desktop":{"background-color":"var(--ast-global-color-5)","background-image":"","background-repeat":"repeat","background-position":"center center","background-size":"auto","background-attachment":"scroll","background-type":"","background-media":"","overlay-type":"","overlay-color":"","overlay-opacity":"","overlay-gradient":""},"tablet":{"background-color":"var(--ast-global-color-5)","background-image":"","background-repeat":"repeat","background-position":"center center","background-size":"auto","background-attachment":"scroll","background-type":"","background-media":"","overlay-type":"","overlay-color":"","overlay-opacity":"","overlay-gradient":""},"mobile":{"background-color":"var(--ast-global-color-5)","background-image":"","background-repeat":"repeat","background-position":"center center","background-size":"auto","background-attachment":"scroll","background-type":"","background-media":"","overlay-type":"","overlay-color":"","overlay-opacity":"","overlay-gradient":""}}},"product_brand":[],"product_cat":[45],"product_tag":[38,47,48],"class_list":{"0":"post-6597","1":"product","2":"type-product","3":"status-publish","4":"has-post-thumbnail","6":"product_cat-electric-golf-scooter","7":"product_tag-citycoco-scooter","8":"product_tag-golf-scooter","9":"product_tag-single-rider-golf-scooter","10":"desktop-align-left","11":"tablet-align-left","12":"mobile-align-left","14":"first","15":"instock","16":"shipping-taxable","17":"product-type-simple"},"_links":{"self":[{"href":"https:\/\/www.linkseride.com\/pt\/wp-json\/wp\/v2\/product\/6597","targetHints":{"allow":["GET"]}}],"collection":[{"href":"https:\/\/www.linkseride.com\/pt\/wp-json\/wp\/v2\/product"}],"about":[{"href":"https:\/\/www.linkseride.com\/pt\/wp-json\/wp\/v2\/types\/product"}],"wp:featuredmedia":[{"embeddable":true,"href":"https:\/\/www.linkseride.com\/pt\/wp-json\/wp\/v2\/media\/6601"}],"wp:attachment":[{"href":"https:\/\/www.linkseride.com\/pt\/wp-json\/wp\/v2\/media?parent=6597"}],"wp:term":[{"taxonomy":"product_brand","embeddable":true,"href":"https:\/\/www.linkseride.com\/pt\/wp-json\/wp\/v2\/product_brand?post=6597"},{"taxonomy":"product_cat","embeddable":true,"href":"https:\/\/www.linkseride.com\/pt\/wp-json\/wp\/v2\/product_cat?post=6597"},{"taxonomy":"product_tag","embeddable":true,"href":"https:\/\/www.linkseride.com\/pt\/wp-json\/wp\/v2\/product_tag?post=6597"}],"curies":[{"name":"wp","href":"https:\/\/api.w.org\/{rel}","templated":true}]}}