{"id":6602,"date":"2022-04-19T01:40:20","date_gmt":"2022-04-19T01:40:20","guid":{"rendered":"http:\/\/linkseride.com\/?post_type=product&#038;p=6602"},"modified":"2026-01-07T07:23:00","modified_gmt":"2026-01-07T07:23:00","slug":"linkseride-x11-electric-golf-scooter","status":"publish","type":"product","link":"https:\/\/www.linkseride.com\/pt\/product\/linkseride-x11-electric-golf-scooter\/","title":{"rendered":"Linkseride CP3(X11) Scooter el\u00e9trica para golfe Scooter de tr\u00eas rodas"},"content":{"rendered":"<h2>Linkseride CP3(X11) Scooter el\u00e9trica para golfe Scooter de tr\u00eas rodas<\/h2>\n<p>We are Chinese electric golf scooter manufacturer since 2014.\u00a0We are passionate about what we are doing with our electric future, including <strong><a href=\"https:\/\/www.linkseride.com\/pt\/fabricante-de-scooters-eletricos\/\" target=\"_blank\" rel=\"noopener\">scooters el\u00e9tricos<\/a>, <a href=\"https:\/\/www.linkseride.com\/pt\/fabricante-de-motocicletas-eletricas\/\" target=\"_blank\" rel=\"noopener\">patinete com pneus largos<\/a>, <a href=\"https:\/\/www.linkseride.com\/pt\/fabricante-de-motocicletas-eletricas\/\" target=\"_blank\" rel=\"noopener\">scooter citycoco<\/a>, <a href=\"https:\/\/www.linkseride.com\/pt\/fabricante-de-ciclomotores-eletricos\/\" target=\"_blank\" rel=\"noopener\">ciclomotor el\u00e9trico<\/a><\/strong> e etc.<\/p>\n<p>This CP3(X11) three wheeler electric golf scooter is with front and rear 10inch size. more rear rack options for different needs. you could use it for golf rack, as well as adding a bracket to carry your necessities or ride to the super market. Here are some options as below:<\/p>\n<div id='gallery-1' class='gallery galleryid-6602 gallery-columns-3 gallery-size-full'><figure class='gallery-item'>\n\t\t\t<div class='gallery-icon landscape'>\n\t\t\t\t<img fetchpriority=\"high\" decoding=\"async\" width=\"1000\" height=\"1000\" src=\"https:\/\/www.linkseride.com\/wp-content\/uploads\/2022\/04\/electric-golf-scooter-3.jpg\" class=\"attachment-full size-full\" alt=\"scooter el\u00e9trica para golfe\" aria-describedby=\"gallery-1-6608\" srcset=\"https:\/\/www.linkseride.com\/wp-content\/uploads\/2022\/04\/electric-golf-scooter-3.jpg 1000w, https:\/\/www.linkseride.com\/wp-content\/uploads\/2022\/04\/electric-golf-scooter-3-300x300.jpg 300w, https:\/\/www.linkseride.com\/wp-content\/uploads\/2022\/04\/electric-golf-scooter-3-150x150.jpg 150w, https:\/\/www.linkseride.com\/wp-content\/uploads\/2022\/04\/electric-golf-scooter-3-768x768.jpg 768w, https:\/\/www.linkseride.com\/wp-content\/uploads\/2022\/04\/electric-golf-scooter-3-600x600.jpg 600w, https:\/\/www.linkseride.com\/wp-content\/uploads\/2022\/04\/electric-golf-scooter-3-100x100.jpg 100w\" sizes=\"(max-width: 1000px) 100vw, 1000px\" \/>\n\t\t\t<\/div>\n\t\t\t\t<figcaption class='wp-caption-text gallery-caption' id='gallery-1-6608'>\n\t\t\t\toption 1: add a bracket\n\t\t\t\t<\/figcaption><\/figure><figure class='gallery-item'>\n\t\t\t<div class='gallery-icon landscape'>\n\t\t\t\t<img decoding=\"async\" width=\"800\" height=\"800\" src=\"https:\/\/www.linkseride.com\/wp-content\/uploads\/2022\/04\/electric-golf-scooter-7.jpg\" class=\"attachment-full size-full\" alt=\"\" aria-describedby=\"gallery-1-6610\" srcset=\"https:\/\/www.linkseride.com\/wp-content\/uploads\/2022\/04\/electric-golf-scooter-7.jpg 800w, https:\/\/www.linkseride.com\/wp-content\/uploads\/2022\/04\/electric-golf-scooter-7-300x300.jpg 300w, https:\/\/www.linkseride.com\/wp-content\/uploads\/2022\/04\/electric-golf-scooter-7-150x150.jpg 150w, https:\/\/www.linkseride.com\/wp-content\/uploads\/2022\/04\/electric-golf-scooter-7-768x768.jpg 768w, https:\/\/www.linkseride.com\/wp-content\/uploads\/2022\/04\/electric-golf-scooter-7-600x600.jpg 600w, https:\/\/www.linkseride.com\/wp-content\/uploads\/2022\/04\/electric-golf-scooter-7-100x100.jpg 100w\" sizes=\"(max-width: 800px) 100vw, 800px\" \/>\n\t\t\t<\/div>\n\t\t\t\t<figcaption class='wp-caption-text gallery-caption' id='gallery-1-6610'>\n\t\t\t\toption 2: add a gold rack\n\t\t\t\t<\/figcaption><\/figure><figure class='gallery-item'>\n\t\t\t<div class='gallery-icon landscape'>\n\t\t\t\t<img decoding=\"async\" width=\"1000\" height=\"1000\" src=\"https:\/\/www.linkseride.com\/wp-content\/uploads\/2022\/04\/electric-golf-scooter-5.jpg\" class=\"attachment-full size-full\" alt=\"scooter el\u00e9trica para golfe\" aria-describedby=\"gallery-1-6609\" srcset=\"https:\/\/www.linkseride.com\/wp-content\/uploads\/2022\/04\/electric-golf-scooter-5.jpg 1000w, https:\/\/www.linkseride.com\/wp-content\/uploads\/2022\/04\/electric-golf-scooter-5-300x300.jpg 300w, https:\/\/www.linkseride.com\/wp-content\/uploads\/2022\/04\/electric-golf-scooter-5-150x150.jpg 150w, https:\/\/www.linkseride.com\/wp-content\/uploads\/2022\/04\/electric-golf-scooter-5-768x768.jpg 768w, https:\/\/www.linkseride.com\/wp-content\/uploads\/2022\/04\/electric-golf-scooter-5-600x600.jpg 600w, https:\/\/www.linkseride.com\/wp-content\/uploads\/2022\/04\/electric-golf-scooter-5-100x100.jpg 100w\" sizes=\"(max-width: 1000px) 100vw, 1000px\" \/>\n\t\t\t<\/div>\n\t\t\t\t<figcaption class='wp-caption-text gallery-caption' id='gallery-1-6609'>\n\t\t\t\toption 3: leave it as a 3 wheel scooter\n\t\t\t\t<\/figcaption><\/figure>\n\t\t<\/div>\n\n<h2><\/h2>\n<p><img loading=\"lazy\" decoding=\"async\" class=\"alignnone wp-image-11015 size-full\" src=\"https:\/\/www.linkseride.com\/wp-content\/uploads\/2022\/08\/CP3.png\" alt=\"\" width=\"1280\" height=\"720\" srcset=\"https:\/\/www.linkseride.com\/wp-content\/uploads\/2022\/08\/CP3.png 1280w, https:\/\/www.linkseride.com\/wp-content\/uploads\/2022\/08\/CP3-300x169.png 300w, https:\/\/www.linkseride.com\/wp-content\/uploads\/2022\/08\/CP3-1024x576.png 1024w, https:\/\/www.linkseride.com\/wp-content\/uploads\/2022\/08\/CP3-768x432.png 768w, https:\/\/www.linkseride.com\/wp-content\/uploads\/2022\/08\/CP3-600x338.png 600w\" sizes=\"(max-width: 1280px) 100vw, 1280px\" \/><\/p>\n<h2>what is the features of this CP3(X11) Electric Golf Scooter Three Wheeler Scooter?<\/h2>\n<ul>\n<li>2000w rated power provide excellent hill climbing ability<\/li>\n<li>Optional 2 sets of Lithium-Ion \u201cQuick-swap\u201d Battery (40ah)\u00a0 ensure a max range of 36 holes<\/li>\n<li>Electric Golf scooter 3 Wheel Trike Scooter Golf Cart Chopper Mobility Motorcycle<\/li>\n<li>Includes bag holder, cooler, platform for scorecard, tees, and drink.<\/li>\n<li>Op\u00e7\u00e3o de 2 lugares com material almofadado para melhorar a sensa\u00e7\u00e3o de condu\u00e7\u00e3o<\/li>\n<\/ul>\n<table>\n<tbody>\n<tr>\n<td>Pot\u00eancia do motor<\/td>\n<td>2000 W<\/td>\n<\/tr>\n<tr>\n<td>Velocidade m\u00e1xima<\/td>\n<td>45 km\/h<\/td>\n<\/tr>\n<tr>\n<td>Alcance m\u00e1ximo<\/td>\n<td>60 km<\/td>\n<\/tr>\n<tr>\n<td>Capacidade da bateria<\/td>\n<td>60V 20Ah\/60V 40Ah<\/td>\n<\/tr>\n<tr>\n<td>Material da estrutura<\/td>\n<td>Tubo de a\u00e7o sem costura<\/td>\n<\/tr>\n<tr>\n<td>Pneu<\/td>\n<td>10 polegadas<\/td>\n<\/tr>\n<tr>\n<td>Carga m\u00e1xima<\/td>\n<td>200 kg<\/td>\n<\/tr>\n<tr>\n<td>N.W\/G.W<\/td>\n<td>89 kg<\/td>\n<\/tr>\n<tr>\n<td>Outros recursos<\/td>\n<td>Suporte para telefone com porta USB<\/p>\n<p>Alto-falante Bluetooth<\/p>\n<p>rear rack\/bracket<\/td>\n<\/tr>\n<\/tbody>\n<\/table>\n<div id='gallery-2' class='gallery galleryid-6602 gallery-columns-2 gallery-size-full'><figure class='gallery-item'>\n\t\t\t<div class='gallery-icon portrait'>\n\t\t\t\t<img loading=\"lazy\" decoding=\"async\" width=\"550\" height=\"600\" src=\"https:\/\/www.linkseride.com\/wp-content\/uploads\/2022\/04\/electric-golf-scooter-1.jpg\" class=\"attachment-full size-full\" alt=\"scooter el\u00e9trica para golfe\" srcset=\"https:\/\/www.linkseride.com\/wp-content\/uploads\/2022\/04\/electric-golf-scooter-1.jpg 550w, https:\/\/www.linkseride.com\/wp-content\/uploads\/2022\/04\/electric-golf-scooter-1-275x300.jpg 275w\" sizes=\"(max-width: 550px) 100vw, 550px\" \/>\n\t\t\t<\/div><\/figure><figure class='gallery-item'>\n\t\t\t<div class='gallery-icon landscape'>\n\t\t\t\t<img loading=\"lazy\" decoding=\"async\" width=\"600\" height=\"455\" src=\"https:\/\/www.linkseride.com\/wp-content\/uploads\/2022\/04\/electric-golf-scooter-2.jpg\" class=\"attachment-full size-full\" alt=\"\" srcset=\"https:\/\/www.linkseride.com\/wp-content\/uploads\/2022\/04\/electric-golf-scooter-2.jpg 600w, https:\/\/www.linkseride.com\/wp-content\/uploads\/2022\/04\/electric-golf-scooter-2-300x228.jpg 300w\" sizes=\"(max-width: 600px) 100vw, 600px\" \/>\n\t\t\t<\/div><\/figure>\n\t\t<\/div>\n\n<h2>Por que escolher este tipo de scooter de golfe para uma pessoa?<\/h2>\n<p>Tamb\u00e9m temos outros modelos de scooters el\u00e9tricas para golfe para um \u00fanico passageiro. Se precisar de mais informa\u00e7\u00f5es, voc\u00ea pode<a href=\"https:\/\/www.linkseride.com\/pt\/fat-tire-golf-scooter-golf-cart-trouring\/\" target=\"_blank\" rel=\"noopener\"> Encontre aqui.<\/a><\/p>\n<p>Mais v\u00eddeos introdut\u00f3rios podem ser encontrados aqui: <a href=\"https:\/\/www.youtube.com\/c\/LinksErideTech\" target=\"_blank\" rel=\"noopener\">https:\/\/www.youtube.com\/c\/LinksErideTech<\/a><\/p>\n<div class=\"ast-oembed-container\" style=\"height: 100%;\"><iframe title=\"Scooter el\u00e9trica CP 3 Citycoco Super 3 rodas Scooter EEC COC 25km\/h ou 45km\/h\" width=\"500\" height=\"281\" src=\"https:\/\/www.youtube.com\/embed\/ic0scxsVikQ?feature=oembed&#038;enablejsapi=1&#038;origin=https:\/\/www.linkseride.com\" frameborder=\"0\" allow=\"accelerometer; autoplay; clipboard-write; encrypted-media; gyroscope; picture-in-picture; web-share\" referrerpolicy=\"strict-origin-when-cross-origin\" allowfullscreen><\/iframe><\/div>\n<div class=\"ast-oembed-container\" style=\"height: 100%;\"><iframe title=\"How to Install the CP3 Three Wheel Electric Trike Scooter from the Package\" width=\"500\" height=\"281\" src=\"https:\/\/www.youtube.com\/embed\/UQGyWv2aFWE?feature=oembed&#038;enablejsapi=1&#038;origin=https:\/\/www.linkseride.com\" frameborder=\"0\" allow=\"accelerometer; autoplay; clipboard-write; encrypted-media; gyroscope; picture-in-picture; web-share\" referrerpolicy=\"strict-origin-when-cross-origin\" allowfullscreen><\/iframe><\/div>","protected":false},"excerpt":{"rendered":"<p>\u25cf X11 Electric Golf Scooter 3 Wheeler Scooter supplier from China<\/p>\n<p>\u25cf Optional 2 sets of Lithium-Ion \u201cQuick-swap\u201d Battery (40ah)\u00a0 ensure a max range of 36 holes<\/p>\n<p>\u25cf 2000w rated power provide excellent hill climbing ability<\/p>\n<p>\u25cf Includes bag holder, cooler, platform for scorecard, tees, and drink.<\/p>\n<p>\u25cf Op\u00e7\u00e3o de 2 lugares com material almofadado para melhorar a sensa\u00e7\u00e3o de condu\u00e7\u00e3o<\/p>","protected":false},"featured_media":6605,"template":"","meta":{"site-sidebar-layout":"default","site-content-layout":"default","ast-site-content-layout":"default","site-content-style":"default","site-sidebar-style":"default","ast-global-header-display":"","ast-banner-title-visibility":"","ast-main-header-display":"","ast-hfb-above-header-display":"","ast-hfb-below-header-display":"","ast-hfb-mobile-header-display":"","site-post-title":"","ast-breadcrumbs-content":"","ast-featured-img":"","footer-sml-layout":"","ast-disable-related-posts":"","theme-transparent-header-meta":"default","adv-header-id-meta":"","stick-header-meta":"","header-above-stick-meta":"","header-main-stick-meta":"","header-below-stick-meta":"","astra-migrate-meta-layouts":"set","ast-page-background-enabled":"default","ast-page-background-meta":{"desktop":{"background-color":"","background-image":"","background-repeat":"repeat","background-position":"center center","background-size":"auto","background-attachment":"scroll","background-type":"","background-media":"","overlay-type":"","overlay-color":"","overlay-opacity":"","overlay-gradient":""},"tablet":{"background-color":"","background-image":"","background-repeat":"repeat","background-position":"center center","background-size":"auto","background-attachment":"scroll","background-type":"","background-media":"","overlay-type":"","overlay-color":"","overlay-opacity":"","overlay-gradient":""},"mobile":{"background-color":"","background-image":"","background-repeat":"repeat","background-position":"center center","background-size":"auto","background-attachment":"scroll","background-type":"","background-media":"","overlay-type":"","overlay-color":"","overlay-opacity":"","overlay-gradient":""}},"ast-content-background-meta":{"desktop":{"background-color":"var(--ast-global-color-5)","background-image":"","background-repeat":"repeat","background-position":"center center","background-size":"auto","background-attachment":"scroll","background-type":"","background-media":"","overlay-type":"","overlay-color":"","overlay-opacity":"","overlay-gradient":""},"tablet":{"background-color":"var(--ast-global-color-5)","background-image":"","background-repeat":"repeat","background-position":"center center","background-size":"auto","background-attachment":"scroll","background-type":"","background-media":"","overlay-type":"","overlay-color":"","overlay-opacity":"","overlay-gradient":""},"mobile":{"background-color":"var(--ast-global-color-5)","background-image":"","background-repeat":"repeat","background-position":"center center","background-size":"auto","background-attachment":"scroll","background-type":"","background-media":"","overlay-type":"","overlay-color":"","overlay-opacity":"","overlay-gradient":""}}},"product_brand":[],"product_cat":[45],"product_tag":[38,47,48],"class_list":{"0":"post-6602","1":"product","2":"type-product","3":"status-publish","4":"has-post-thumbnail","6":"product_cat-electric-golf-scooter","7":"product_tag-citycoco-scooter","8":"product_tag-golf-scooter","9":"product_tag-single-rider-golf-scooter","10":"desktop-align-left","11":"tablet-align-left","12":"mobile-align-left","14":"first","15":"instock","16":"shipping-taxable","17":"product-type-simple"},"_links":{"self":[{"href":"https:\/\/www.linkseride.com\/pt\/wp-json\/wp\/v2\/product\/6602","targetHints":{"allow":["GET"]}}],"collection":[{"href":"https:\/\/www.linkseride.com\/pt\/wp-json\/wp\/v2\/product"}],"about":[{"href":"https:\/\/www.linkseride.com\/pt\/wp-json\/wp\/v2\/types\/product"}],"wp:featuredmedia":[{"embeddable":true,"href":"https:\/\/www.linkseride.com\/pt\/wp-json\/wp\/v2\/media\/6605"}],"wp:attachment":[{"href":"https:\/\/www.linkseride.com\/pt\/wp-json\/wp\/v2\/media?parent=6602"}],"wp:term":[{"taxonomy":"product_brand","embeddable":true,"href":"https:\/\/www.linkseride.com\/pt\/wp-json\/wp\/v2\/product_brand?post=6602"},{"taxonomy":"product_cat","embeddable":true,"href":"https:\/\/www.linkseride.com\/pt\/wp-json\/wp\/v2\/product_cat?post=6602"},{"taxonomy":"product_tag","embeddable":true,"href":"https:\/\/www.linkseride.com\/pt\/wp-json\/wp\/v2\/product_tag?post=6602"}],"curies":[{"name":"wp","href":"https:\/\/api.w.org\/{rel}","templated":true}]}}