{"id":8200,"date":"2022-07-16T01:13:15","date_gmt":"2022-07-16T01:13:15","guid":{"rendered":"http:\/\/linkseride.com\/?post_type=product&#038;p=8200"},"modified":"2023-06-17T02:26:08","modified_gmt":"2023-06-17T02:26:08","slug":"scooter-m11-citycoco-3000w","status":"publish","type":"product","link":"https:\/\/www.linkseride.com\/pt\/product\/m11-citycoco-scooter-3000w\/","title":{"rendered":"M11 Citycoco scooter 3000W Velocidade m\u00e1xima 80km\/h, Bateria 60V 20AH\/40AH"},"content":{"rendered":"<p>Somos apaixonados pelo que estamos fazendo com nosso futuro el\u00e9trico, incluindo <strong><a href=\"https:\/\/www.linkseride.com\/pt\/fabricante-de-scooters-eletricos\/\" target=\"_blank\" rel=\"noopener\">scooters el\u00e9tricos<\/a>, <a href=\"https:\/\/www.linkseride.com\/pt\/scooter-eletrico-de-pneu-gordo\/\" target=\"_blank\" rel=\"noopener\">patinete el\u00e9trico com pneus largos<\/a>, <a href=\"https:\/\/www.linkseride.com\/pt\/fabricante-de-motocicletas-eletricas\/\" target=\"_blank\" rel=\"noopener\">scooter citycoco<\/a>, <a href=\"https:\/\/www.linkseride.com\/pt\/fabricante-de-ciclomotores-eletricos\/\" target=\"_blank\" rel=\"noopener\">ciclomotor el\u00e9trico<\/a><\/strong> e etc.<\/p>\n<p>O modelo M11 Citycoco fat escooter da Linkseride \u00e9 qualificado com o certificado EEC COC. Esse n\u00e3o \u00e9 o projeto mais recente, mas tem algumas atualiza\u00e7\u00f5es no processo de fabrica\u00e7\u00e3o.<\/p>\n<p>Em breve, os armaz\u00e9ns da UE e dos EUA estar\u00e3o em estoque para esse novo modelo!.<\/p>\n<h2>Quais s\u00e3o os principais recursos da scooter M11 Citycoco?<\/h2>\n<table width=\"638\">\n<tbody>\n<tr>\n<td style=\"font-weight: 400;\" width=\"114\"><strong>Motor<\/strong><\/td>\n<td style=\"font-weight: 400;\" width=\"172\">2000W\/3000W\/4000W<\/td>\n<td style=\"font-weight: 400;\" width=\"114\"><strong>Bateria<\/strong><\/td>\n<td style=\"font-weight: 400;\" width=\"238\">Bateria de l\u00edtio remov\u00edvel<\/td>\n<\/tr>\n<tr>\n<td style=\"font-weight: 400;\" width=\"114\"><strong>Freio<\/strong><\/td>\n<td style=\"font-weight: 400;\" width=\"172\">Freio a disco hidr\u00e1ulico F&amp;R<\/td>\n<td style=\"font-weight: 400;\" width=\"114\"><strong>Capacidade da bateria<\/strong><\/td>\n<td style=\"font-weight: 400;\" width=\"238\">60V20AH\/30AH\/40AH<\/td>\n<\/tr>\n<tr>\n<td style=\"font-weight: 400;\" width=\"114\"><strong>Luz<\/strong><\/td>\n<td style=\"font-weight: 400;\" width=\"172\">Farol de LED, luz de curva, refletor traseiro<\/td>\n<td style=\"font-weight: 400;\" width=\"114\"><strong>Assento<\/strong><\/td>\n<td style=\"font-weight: 400;\" width=\"238\">Grande e confort\u00e1vel, com capacidade para 2 pessoas<\/td>\n<\/tr>\n<tr>\n<td style=\"font-weight: 400;\" width=\"114\"><strong>Tela<\/strong><\/td>\n<td style=\"font-weight: 400;\" width=\"172\">Tela colorida<\/td>\n<td style=\"font-weight: 400;\" width=\"114\"><strong>Pneu<\/strong><\/td>\n<td style=\"font-weight: 400;\" width=\"238\">Pneu gordo de 12 polegadas<\/td>\n<\/tr>\n<tr>\n<td style=\"font-weight: 400;\" width=\"114\"><strong>Moldura<\/strong><\/td>\n<td style=\"font-weight: 400;\" width=\"172\">Tubo de a\u00e7o sem costura<\/td>\n<td style=\"font-weight: 400;\" width=\"114\"><strong>Velocidade m\u00e1xima<\/strong><\/td>\n<td style=\"font-weight: 400;\" width=\"238\">45 km\/h<\/td>\n<\/tr>\n<tr>\n<td style=\"font-weight: 400;\" width=\"114\"><strong>Suspens\u00e3o<\/strong><\/td>\n<td style=\"font-weight: 400;\" width=\"172\">Suspens\u00e3o dianteira Garfo; amortecedor traseiro de mola dupla<\/td>\n<td style=\"font-weight: 400;\" width=\"114\"><strong>Faixa m\u00e1xima<\/strong><\/td>\n<td style=\"font-weight: 400;\" width=\"238\">60-100 km por carga (afetado por peso\/terreno\/clima\/etc.)<\/td>\n<\/tr>\n<\/tbody>\n<\/table>\n<div class=\"rte\">\n<div class=\"rte\">\n<h2>Algumas caracter\u00edsticas mais detalhadas do produto M11 Citycoco.<\/h2>\n<div id='gallery-1' class='gallery galleryid-8200 gallery-columns-3 gallery-size-full'><figure class='gallery-item'>\n\t\t\t<div class='gallery-icon landscape'>\n\t\t\t\t<img fetchpriority=\"high\" decoding=\"async\" width=\"468\" height=\"230\" src=\"https:\/\/www.linkseride.com\/wp-content\/uploads\/2022\/07\/Linkseride-China-Citycoco-Scooter2.png\" class=\"attachment-full size-full\" alt=\"China Citycoco Scooter\" srcset=\"https:\/\/www.linkseride.com\/wp-content\/uploads\/2022\/07\/Linkseride-China-Citycoco-Scooter2.png 468w, https:\/\/www.linkseride.com\/wp-content\/uploads\/2022\/07\/Linkseride-China-Citycoco-Scooter2-300x147.png 300w\" sizes=\"(max-width: 468px) 100vw, 468px\" \/>\n\t\t\t<\/div><\/figure><figure class='gallery-item'>\n\t\t\t<div class='gallery-icon landscape'>\n\t\t\t\t<img decoding=\"async\" width=\"468\" height=\"280\" src=\"https:\/\/www.linkseride.com\/wp-content\/uploads\/2022\/07\/Linkseride-China-Citycoco-Scooter3.png\" class=\"attachment-full size-full\" alt=\"China Citycoco Scooter\" srcset=\"https:\/\/www.linkseride.com\/wp-content\/uploads\/2022\/07\/Linkseride-China-Citycoco-Scooter3.png 468w, https:\/\/www.linkseride.com\/wp-content\/uploads\/2022\/07\/Linkseride-China-Citycoco-Scooter3-300x179.png 300w\" sizes=\"(max-width: 468px) 100vw, 468px\" \/>\n\t\t\t<\/div><\/figure><figure class='gallery-item'>\n\t\t\t<div class='gallery-icon landscape'>\n\t\t\t\t<img decoding=\"async\" width=\"434\" height=\"280\" src=\"https:\/\/www.linkseride.com\/wp-content\/uploads\/2022\/07\/Linkseride-China-Citycoco-Scooter1.png\" class=\"attachment-full size-full\" alt=\"China Citycoco Scooter\" srcset=\"https:\/\/www.linkseride.com\/wp-content\/uploads\/2022\/07\/Linkseride-China-Citycoco-Scooter1.png 434w, https:\/\/www.linkseride.com\/wp-content\/uploads\/2022\/07\/Linkseride-China-Citycoco-Scooter1-300x194.png 300w\" sizes=\"(max-width: 434px) 100vw, 434px\" \/>\n\t\t\t<\/div><\/figure>\n\t\t<\/div>\n\n<\/div>\n<\/div>\n<div id='gallery-2' class='gallery galleryid-8200 gallery-columns-2 gallery-size-full'><figure class='gallery-item'>\n\t\t\t<div class='gallery-icon landscape'>\n\t\t\t\t<img loading=\"lazy\" decoding=\"async\" width=\"432\" height=\"281\" src=\"https:\/\/www.linkseride.com\/wp-content\/uploads\/2022\/07\/Linkseride-China-Citycoco-Scooter4.png\" class=\"attachment-full size-full\" alt=\"China Citycoco Scooter\" srcset=\"https:\/\/www.linkseride.com\/wp-content\/uploads\/2022\/07\/Linkseride-China-Citycoco-Scooter4.png 432w, https:\/\/www.linkseride.com\/wp-content\/uploads\/2022\/07\/Linkseride-China-Citycoco-Scooter4-300x195.png 300w\" sizes=\"(max-width: 432px) 100vw, 432px\" \/>\n\t\t\t<\/div><\/figure><figure class='gallery-item'>\n\t\t\t<div class='gallery-icon landscape'>\n\t\t\t\t<img loading=\"lazy\" decoding=\"async\" width=\"449\" height=\"298\" src=\"https:\/\/www.linkseride.com\/wp-content\/uploads\/2022\/07\/Linkseride-China-Citycoco-Scooter5.png\" class=\"attachment-full size-full\" alt=\"China Citycoco Scooter\" srcset=\"https:\/\/www.linkseride.com\/wp-content\/uploads\/2022\/07\/Linkseride-China-Citycoco-Scooter5.png 449w, https:\/\/www.linkseride.com\/wp-content\/uploads\/2022\/07\/Linkseride-China-Citycoco-Scooter5-300x199.png 300w\" sizes=\"(max-width: 449px) 100vw, 449px\" \/>\n\t\t\t<\/div><\/figure>\n\t\t<\/div>\n\n<p>Tamb\u00e9m temos outro novo modelo de scooter Citycoco em formato de harley. Se precisar de mais informa\u00e7\u00f5es, voc\u00ea pode<a href=\"https:\/\/www.linkseride.com\/pt\/scooter-eletrico-de-pneu-gordo\/\" target=\"_blank\" rel=\"noopener\"> Encontre aqui.<\/a><\/p>\n<p>Mais v\u00eddeos introdut\u00f3rios podem ser encontrados aqui:\u00a0<a href=\"https:\/\/www.youtube.com\/channel\/UCw4wsO7M_kRsCHTxcFeqTAA\" target=\"_blank\" rel=\"noopener\">https:\/\/www.youtube.com\/channel\/UCw4wsO7M_kRsCHTxcFeqTAA<\/a><\/p>\n<div class=\"ast-oembed-container\" style=\"height: 100%;\"><iframe title=\"M11 Citycoco Electric Scooter 3000W Velocidade m\u00e1xima 80km\/h, Bateria 60V 20AH\/40AH\" width=\"500\" height=\"281\" src=\"https:\/\/www.youtube.com\/embed\/zNcGUUufZ70?feature=oembed\" frameborder=\"0\" allow=\"accelerometer; autoplay; clipboard-write; encrypted-media; gyroscope; picture-in-picture; web-share\" referrerpolicy=\"strict-origin-when-cross-origin\" allowfullscreen><\/iframe><\/div>","protected":false},"excerpt":{"rendered":"<p>\u25cf Pot\u00eancia do motor da scooter M11 Citycoco 2000W\/3000W\/4000W<\/p>\n<p>Velocidade m\u00e1xima de 80km\/h, bateria de 60V 20AH\/40AH<\/p>\n<p>45 km\/h padr\u00e3o L1e com certificado COC<\/p>\n<p>Suspens\u00e3o dianteira e traseira<\/p>\n<p>Armaz\u00e9ns na UE e nos EUA em estoque para envio local r\u00e1pido<\/p>\n<p>&nbsp;<\/p>","protected":false},"featured_media":8202,"template":"","meta":{"site-sidebar-layout":"default","site-content-layout":"default","ast-site-content-layout":"default","site-content-style":"default","site-sidebar-style":"default","ast-global-header-display":"","ast-banner-title-visibility":"","ast-main-header-display":"","ast-hfb-above-header-display":"","ast-hfb-below-header-display":"","ast-hfb-mobile-header-display":"","site-post-title":"","ast-breadcrumbs-content":"","ast-featured-img":"","footer-sml-layout":"","ast-disable-related-posts":"","theme-transparent-header-meta":"default","adv-header-id-meta":"","stick-header-meta":"","header-above-stick-meta":"","header-main-stick-meta":"","header-below-stick-meta":"","astra-migrate-meta-layouts":"default","ast-page-background-enabled":"default","ast-page-background-meta":{"desktop":{"background-color":"","background-image":"","background-repeat":"repeat","background-position":"center center","background-size":"auto","background-attachment":"scroll","background-type":"","background-media":"","overlay-type":"","overlay-color":"","overlay-opacity":"","overlay-gradient":""},"tablet":{"background-color":"","background-image":"","background-repeat":"repeat","background-position":"center center","background-size":"auto","background-attachment":"scroll","background-type":"","background-media":"","overlay-type":"","overlay-color":"","overlay-opacity":"","overlay-gradient":""},"mobile":{"background-color":"","background-image":"","background-repeat":"repeat","background-position":"center center","background-size":"auto","background-attachment":"scroll","background-type":"","background-media":"","overlay-type":"","overlay-color":"","overlay-opacity":"","overlay-gradient":""}},"ast-content-background-meta":{"desktop":{"background-color":"var(--ast-global-color-5)","background-image":"","background-repeat":"repeat","background-position":"center center","background-size":"auto","background-attachment":"scroll","background-type":"","background-media":"","overlay-type":"","overlay-color":"","overlay-opacity":"","overlay-gradient":""},"tablet":{"background-color":"var(--ast-global-color-5)","background-image":"","background-repeat":"repeat","background-position":"center center","background-size":"auto","background-attachment":"scroll","background-type":"","background-media":"","overlay-type":"","overlay-color":"","overlay-opacity":"","overlay-gradient":""},"mobile":{"background-color":"var(--ast-global-color-5)","background-image":"","background-repeat":"repeat","background-position":"center center","background-size":"auto","background-attachment":"scroll","background-type":"","background-media":"","overlay-type":"","overlay-color":"","overlay-opacity":"","overlay-gradient":""}}},"product_brand":[],"product_cat":[27,28],"product_tag":[38],"class_list":{"0":"post-8200","1":"product","2":"type-product","3":"status-publish","4":"has-post-thumbnail","6":"product_cat-electric-motorcycle","7":"product_cat-electric-scooter","8":"product_tag-citycoco-scooter","9":"desktop-align-left","10":"tablet-align-left","11":"mobile-align-left","13":"first","14":"instock","15":"shipping-taxable","16":"product-type-simple"},"_links":{"self":[{"href":"https:\/\/www.linkseride.com\/pt\/wp-json\/wp\/v2\/product\/8200","targetHints":{"allow":["GET"]}}],"collection":[{"href":"https:\/\/www.linkseride.com\/pt\/wp-json\/wp\/v2\/product"}],"about":[{"href":"https:\/\/www.linkseride.com\/pt\/wp-json\/wp\/v2\/types\/product"}],"wp:featuredmedia":[{"embeddable":true,"href":"https:\/\/www.linkseride.com\/pt\/wp-json\/wp\/v2\/media\/8202"}],"wp:attachment":[{"href":"https:\/\/www.linkseride.com\/pt\/wp-json\/wp\/v2\/media?parent=8200"}],"wp:term":[{"taxonomy":"product_brand","embeddable":true,"href":"https:\/\/www.linkseride.com\/pt\/wp-json\/wp\/v2\/product_brand?post=8200"},{"taxonomy":"product_cat","embeddable":true,"href":"https:\/\/www.linkseride.com\/pt\/wp-json\/wp\/v2\/product_cat?post=8200"},{"taxonomy":"product_tag","embeddable":true,"href":"https:\/\/www.linkseride.com\/pt\/wp-json\/wp\/v2\/product_tag?post=8200"}],"curies":[{"name":"wp","href":"https:\/\/api.w.org\/{rel}","templated":true}]}}