{"id":8235,"date":"2022-07-16T03:01:42","date_gmt":"2022-07-16T03:01:42","guid":{"rendered":"http:\/\/linkseride.com\/?post_type=product&#038;p=8235"},"modified":"2023-02-22T02:55:02","modified_gmt":"2023-02-22T02:55:02","slug":"scooter-de-luxo-citycoco-fat-scooter","status":"publish","type":"product","link":"https:\/\/www.linkseride.com\/pt\/product\/luxury-citycoco-scooter-fat-scooter\/","title":{"rendered":"Linkseride Luxury Citycoco Scooter Fat Scooter 4000w 80km\/h"},"content":{"rendered":"<p>Somos apaixonados pelo que estamos fazendo com nosso futuro el\u00e9trico, incluindo <strong><a href=\"https:\/\/www.linkseride.com\/pt\/fabricante-de-scooters-eletricos\/\" target=\"_blank\" rel=\"noopener\">scooters el\u00e9tricos<\/a>, <a href=\"https:\/\/www.linkseride.com\/pt\/scooter-eletrico-de-pneu-gordo\/\" target=\"_blank\" rel=\"noopener\">patinete el\u00e9trico com pneus largos<\/a>, <a href=\"https:\/\/www.linkseride.com\/pt\/fabricante-de-motocicletas-eletricas\/\" target=\"_blank\" rel=\"noopener\">scooter citycoco<\/a>, <a href=\"https:\/\/www.linkseride.com\/pt\/fabricante-de-ciclomotores-eletricos\/\" target=\"_blank\" rel=\"noopener\">ciclomotor el\u00e9trico<\/a><\/strong> e etc.<\/p>\n<p>Linkseride Luxury Citycoco Scooter CP9 scooter 4000w 80kmph. Esta \u00e9 a vers\u00e3o Luxury com motor potente de 72v 4000w, velocidade m\u00e1xima de 80km\/h. Usamos uma bateria de 60v 40ah, remov\u00edvel e \u00fanica, que pode oferecer uma autonomia de 80 a 100 km.<\/p>\n<p><span style=\"font-size: 16px;\">Entre em contato para saber mais detalhes.<\/span><\/p>\n<h2>Quais s\u00e3o os principais recursos desta scooter de luxo Citycoco?<\/h2>\n<table width=\"638\">\n<tbody>\n<tr>\n<td style=\"font-weight: 400;\" width=\"114\"><strong>Motor<\/strong><\/td>\n<td style=\"font-weight: 400;\" width=\"172\">60V2000-4000W<\/td>\n<td style=\"font-weight: 400;\" width=\"114\"><strong>Bateria<\/strong><\/td>\n<td style=\"font-weight: 400;\" width=\"238\">Bateria de l\u00edtio remov\u00edvel<\/td>\n<\/tr>\n<tr>\n<td style=\"font-weight: 400;\" width=\"114\"><strong>Freio<\/strong><\/td>\n<td style=\"font-weight: 400;\" width=\"172\">Freios a disco duplo dianteiro e traseiro<\/td>\n<td style=\"font-weight: 400;\" width=\"114\"><strong>Capacidade da bateria<\/strong><\/td>\n<td style=\"font-weight: 400;\" width=\"238\">Bateria de 20Ah\/40Ah<\/td>\n<\/tr>\n<tr>\n<td style=\"font-weight: 400;\" width=\"114\"><strong>Luz<\/strong><\/td>\n<td style=\"font-weight: 400;\" width=\"172\">Farol de LED, luz de curva, refletor traseiro<\/td>\n<td style=\"font-weight: 400;\" width=\"114\"><strong>Assento<\/strong><\/td>\n<td style=\"font-weight: 400;\" width=\"238\">2 assentos<\/td>\n<\/tr>\n<tr>\n<td style=\"font-weight: 400;\" width=\"114\"><strong>Tela<\/strong><\/td>\n<td style=\"font-weight: 400;\" width=\"172\">Tela LCD<\/td>\n<td style=\"font-weight: 400;\" width=\"114\"><strong>Pneu<\/strong><\/td>\n<td style=\"font-weight: 400;\" width=\"238\">Cubo do pneu Roda de alum\u00ednio de 12 polegadas<\/td>\n<\/tr>\n<tr>\n<td style=\"font-weight: 400;\" width=\"114\"><strong>Moldura<\/strong><\/td>\n<td style=\"font-weight: 400;\" width=\"172\">Tubo de a\u00e7o sem costura<\/td>\n<td style=\"font-weight: 400;\" width=\"114\"><strong>Velocidade m\u00e1xima<\/strong><\/td>\n<td style=\"font-weight: 400;\" width=\"238\">85km\/h<\/td>\n<\/tr>\n<tr>\n<td style=\"font-weight: 400;\" width=\"114\"><strong>Suspens\u00e3o<\/strong><\/td>\n<td style=\"font-weight: 400;\" width=\"172\">Suspens\u00e3o dianteira Garfo; amortecedor traseiro de mola dupla<\/td>\n<td style=\"font-weight: 400;\" width=\"114\"><strong>Faixa m\u00e1xima<\/strong><\/td>\n<td style=\"font-weight: 400;\" width=\"238\">30-100 km <span style=\"font-family: inherit; font-size: 16px; font-weight: 400;\">por carga (afetado por peso\/terreno\/clima\/etc)<\/span><\/td>\n<\/tr>\n<\/tbody>\n<\/table>\n<h2>Imagens mais detalhadas de Luxury Citycoco Scooter<\/h2>\n<div id='gallery-1' class='gallery galleryid-8235 gallery-columns-2 gallery-size-full'><figure class='gallery-item'>\n\t\t\t<div class='gallery-icon landscape'>\n\t\t\t\t<img fetchpriority=\"high\" decoding=\"async\" width=\"800\" height=\"800\" src=\"https:\/\/www.linkseride.com\/wp-content\/uploads\/2022\/07\/1.jpeg\" class=\"attachment-full size-full\" alt=\"\" srcset=\"https:\/\/www.linkseride.com\/wp-content\/uploads\/2022\/07\/1.jpeg 800w, https:\/\/www.linkseride.com\/wp-content\/uploads\/2022\/07\/1-300x300.jpeg 300w, https:\/\/www.linkseride.com\/wp-content\/uploads\/2022\/07\/1-150x150.jpeg 150w, https:\/\/www.linkseride.com\/wp-content\/uploads\/2022\/07\/1-768x768.jpeg 768w, https:\/\/www.linkseride.com\/wp-content\/uploads\/2022\/07\/1-600x600.jpeg 600w, https:\/\/www.linkseride.com\/wp-content\/uploads\/2022\/07\/1-100x100.jpeg 100w\" sizes=\"(max-width: 800px) 100vw, 800px\" \/>\n\t\t\t<\/div><\/figure><figure class='gallery-item'>\n\t\t\t<div class='gallery-icon landscape'>\n\t\t\t\t<img decoding=\"async\" width=\"800\" height=\"800\" src=\"https:\/\/www.linkseride.com\/wp-content\/uploads\/2022\/07\/2.jpeg\" class=\"attachment-full size-full\" alt=\"\" srcset=\"https:\/\/www.linkseride.com\/wp-content\/uploads\/2022\/07\/2.jpeg 800w, https:\/\/www.linkseride.com\/wp-content\/uploads\/2022\/07\/2-300x300.jpeg 300w, https:\/\/www.linkseride.com\/wp-content\/uploads\/2022\/07\/2-150x150.jpeg 150w, https:\/\/www.linkseride.com\/wp-content\/uploads\/2022\/07\/2-768x768.jpeg 768w, https:\/\/www.linkseride.com\/wp-content\/uploads\/2022\/07\/2-600x600.jpeg 600w, https:\/\/www.linkseride.com\/wp-content\/uploads\/2022\/07\/2-100x100.jpeg 100w\" sizes=\"(max-width: 800px) 100vw, 800px\" \/>\n\t\t\t<\/div><\/figure><figure class='gallery-item'>\n\t\t\t<div class='gallery-icon landscape'>\n\t\t\t\t<img decoding=\"async\" width=\"800\" height=\"800\" src=\"https:\/\/www.linkseride.com\/wp-content\/uploads\/2022\/07\/4.jpeg\" class=\"attachment-full size-full\" alt=\"\" srcset=\"https:\/\/www.linkseride.com\/wp-content\/uploads\/2022\/07\/4.jpeg 800w, https:\/\/www.linkseride.com\/wp-content\/uploads\/2022\/07\/4-300x300.jpeg 300w, https:\/\/www.linkseride.com\/wp-content\/uploads\/2022\/07\/4-150x150.jpeg 150w, https:\/\/www.linkseride.com\/wp-content\/uploads\/2022\/07\/4-768x768.jpeg 768w, https:\/\/www.linkseride.com\/wp-content\/uploads\/2022\/07\/4-600x600.jpeg 600w, https:\/\/www.linkseride.com\/wp-content\/uploads\/2022\/07\/4-100x100.jpeg 100w\" sizes=\"(max-width: 800px) 100vw, 800px\" \/>\n\t\t\t<\/div><\/figure><figure class='gallery-item'>\n\t\t\t<div class='gallery-icon landscape'>\n\t\t\t\t<img loading=\"lazy\" decoding=\"async\" width=\"800\" height=\"800\" src=\"https:\/\/www.linkseride.com\/wp-content\/uploads\/2022\/07\/5.jpeg\" class=\"attachment-full size-full\" alt=\"\" srcset=\"https:\/\/www.linkseride.com\/wp-content\/uploads\/2022\/07\/5.jpeg 800w, https:\/\/www.linkseride.com\/wp-content\/uploads\/2022\/07\/5-300x300.jpeg 300w, https:\/\/www.linkseride.com\/wp-content\/uploads\/2022\/07\/5-150x150.jpeg 150w, https:\/\/www.linkseride.com\/wp-content\/uploads\/2022\/07\/5-768x768.jpeg 768w, https:\/\/www.linkseride.com\/wp-content\/uploads\/2022\/07\/5-600x600.jpeg 600w, https:\/\/www.linkseride.com\/wp-content\/uploads\/2022\/07\/5-100x100.jpeg 100w\" sizes=\"(max-width: 800px) 100vw, 800px\" \/>\n\t\t\t<\/div><\/figure>\n\t\t<\/div>\n\n<p>Tamb\u00e9m temos outro novo modelo de scooter Citycoco em formato de harley. Se precisar de mais informa\u00e7\u00f5es, voc\u00ea pode<a href=\"https:\/\/www.linkseride.com\/pt\/scooter-eletrico-de-pneu-gordo\/\" target=\"_blank\" rel=\"noopener\"> Encontre aqui.<\/a><\/p>\n<p>Mais v\u00eddeos introdut\u00f3rios podem ser encontrados aqui:\u00a0<a href=\"https:\/\/www.youtube.com\/channel\/UCw4wsO7M_kRsCHTxcFeqTAA\" target=\"_blank\" rel=\"noopener\">https:\/\/www.youtube.com\/channel\/UCw4wsO7M_kRsCHTxcFeqTAA<\/a><\/p>\n<div class=\"ast-oembed-container\" style=\"height: 100%;\"><iframe title=\"Linkseride Luxury Citycoco Scooter Modelo CP-9 Fat Scooter 4000w 85kmph\" width=\"500\" height=\"281\" src=\"https:\/\/www.youtube.com\/embed\/qc319QTteHA?feature=oembed\" frameborder=\"0\" allow=\"accelerometer; autoplay; clipboard-write; encrypted-media; gyroscope; picture-in-picture; web-share\" referrerpolicy=\"strict-origin-when-cross-origin\" allowfullscreen><\/iframe><\/div>","protected":false},"excerpt":{"rendered":"<p>Linkseride Luxury Citycoco Scooter CP9 scooter 4000w 80kmph<\/p>\n<p>Bateria de l\u00edtio 20ah\/40ah opcional<\/p>\n<p>Motor potente de 60 V e 4000 W, velocidade m\u00e1xima de 80 km\/h.<\/p>\n<p>Freios a disco duplo dianteiro e traseiro<\/p>\n<p>OEM dispon\u00edvel para todas as cores, se o distribuidor desejar<\/p>","protected":false},"featured_media":8746,"template":"","meta":{"site-sidebar-layout":"default","site-content-layout":"default","ast-site-content-layout":"default","site-content-style":"default","site-sidebar-style":"default","ast-global-header-display":"","ast-banner-title-visibility":"","ast-main-header-display":"","ast-hfb-above-header-display":"","ast-hfb-below-header-display":"","ast-hfb-mobile-header-display":"","site-post-title":"","ast-breadcrumbs-content":"","ast-featured-img":"","footer-sml-layout":"","ast-disable-related-posts":"","theme-transparent-header-meta":"default","adv-header-id-meta":"","stick-header-meta":"","header-above-stick-meta":"","header-main-stick-meta":"","header-below-stick-meta":"","astra-migrate-meta-layouts":"default","ast-page-background-enabled":"default","ast-page-background-meta":{"desktop":{"background-color":"","background-image":"","background-repeat":"repeat","background-position":"center center","background-size":"auto","background-attachment":"scroll","background-type":"","background-media":"","overlay-type":"","overlay-color":"","overlay-opacity":"","overlay-gradient":""},"tablet":{"background-color":"","background-image":"","background-repeat":"repeat","background-position":"center center","background-size":"auto","background-attachment":"scroll","background-type":"","background-media":"","overlay-type":"","overlay-color":"","overlay-opacity":"","overlay-gradient":""},"mobile":{"background-color":"","background-image":"","background-repeat":"repeat","background-position":"center center","background-size":"auto","background-attachment":"scroll","background-type":"","background-media":"","overlay-type":"","overlay-color":"","overlay-opacity":"","overlay-gradient":""}},"ast-content-background-meta":{"desktop":{"background-color":"var(--ast-global-color-5)","background-image":"","background-repeat":"repeat","background-position":"center center","background-size":"auto","background-attachment":"scroll","background-type":"","background-media":"","overlay-type":"","overlay-color":"","overlay-opacity":"","overlay-gradient":""},"tablet":{"background-color":"var(--ast-global-color-5)","background-image":"","background-repeat":"repeat","background-position":"center center","background-size":"auto","background-attachment":"scroll","background-type":"","background-media":"","overlay-type":"","overlay-color":"","overlay-opacity":"","overlay-gradient":""},"mobile":{"background-color":"var(--ast-global-color-5)","background-image":"","background-repeat":"repeat","background-position":"center center","background-size":"auto","background-attachment":"scroll","background-type":"","background-media":"","overlay-type":"","overlay-color":"","overlay-opacity":"","overlay-gradient":""}}},"product_brand":[],"product_cat":[27,28],"product_tag":[38,50],"class_list":{"0":"post-8235","1":"product","2":"type-product","3":"status-publish","4":"has-post-thumbnail","6":"product_cat-electric-motorcycle","7":"product_cat-electric-scooter","8":"product_tag-citycoco-scooter","9":"product_tag-fat-tire-scooter","10":"desktop-align-left","11":"tablet-align-left","12":"mobile-align-left","14":"first","15":"instock","16":"shipping-taxable","17":"product-type-simple"},"_links":{"self":[{"href":"https:\/\/www.linkseride.com\/pt\/wp-json\/wp\/v2\/product\/8235","targetHints":{"allow":["GET"]}}],"collection":[{"href":"https:\/\/www.linkseride.com\/pt\/wp-json\/wp\/v2\/product"}],"about":[{"href":"https:\/\/www.linkseride.com\/pt\/wp-json\/wp\/v2\/types\/product"}],"wp:featuredmedia":[{"embeddable":true,"href":"https:\/\/www.linkseride.com\/pt\/wp-json\/wp\/v2\/media\/8746"}],"wp:attachment":[{"href":"https:\/\/www.linkseride.com\/pt\/wp-json\/wp\/v2\/media?parent=8235"}],"wp:term":[{"taxonomy":"product_brand","embeddable":true,"href":"https:\/\/www.linkseride.com\/pt\/wp-json\/wp\/v2\/product_brand?post=8235"},{"taxonomy":"product_cat","embeddable":true,"href":"https:\/\/www.linkseride.com\/pt\/wp-json\/wp\/v2\/product_cat?post=8235"},{"taxonomy":"product_tag","embeddable":true,"href":"https:\/\/www.linkseride.com\/pt\/wp-json\/wp\/v2\/product_tag?post=8235"}],"curies":[{"name":"wp","href":"https:\/\/api.w.org\/{rel}","templated":true}]}}