{"id":9581,"date":"2023-10-12T07:54:42","date_gmt":"2023-10-12T07:54:42","guid":{"rendered":"https:\/\/www.linkseride.com\/?post_type=product&#038;p=9581"},"modified":"2023-10-12T08:22:41","modified_gmt":"2023-10-12T08:22:41","slug":"2-wheels-powerful-citycoco-chopper","status":"publish","type":"product","link":"https:\/\/www.linkseride.com\/pt\/product\/2-wheels-powerful-citycoco-chopper\/","title":{"rendered":"CP-5 2 Wheels Powerful Citycoco Chopper Electric Scooter 1500W 60v20ah com aprova\u00e7\u00e3o EEC COC"},"content":{"rendered":"<h5><\/h5>\n<h5>City Range of 40 Miles<\/h5>\n<p>Equipped with a high-density 60V 20AH lithium battery pack, this Citycoco chopper scooter delivers an impressive 35 miles of range in urban environments or in combined stop-and-go scenarios. It&#8217;s important to note that these figures are achieved under optimized testing conditions, and actual range may vary based on factors like rider weight and terrain. The included 4A fast charger ensures a full battery in just 4-5 hours.<\/p>\n<h5>Streamlined Design<\/h5>\n<p>The classic Harley-style design exudes simplicity, without unnecessary bells and whistles, making maintenance a breeze.<\/p>\n<h5>Smooth and Responsive Acceleration<\/h5>\n<p>Thanks to the 60V 40A integrated controller, this Citycoco chopper scooter offers excellent stability in power supply control and boasts a high current output capability, resulting in seamless speed adjustments across its three-speed settings.<\/p>\n<h5>Exceptional Riding Comfort<\/h5>\n<p>The adjustable hydraulic shock fork and rear spring steel shock suspension provide a plush and customizable ride experience. Additionally, the 8-inch tubeless fat tires not only reduce the risk of punctures but also enhance braking performance.<\/p>\n<h5>Comprehensive LCD Display<\/h5>\n<p>The integrated LCD screen conveniently displays key information, including speed, mileage, voltage, and power level. With this information at your fingertips, you can monitor your scooter&#8217;s performance and battery life continuously, eliminating concerns about running low on power. Moreover, the display screen can diagnose faults via error codes, simplifying the troubleshooting and repair process.<\/p>\n<h2>what is the key features of this Citycoco Chopper Electric Scooter with Two Seats?<\/h2>\n<table width=\"638\">\n<tbody>\n<tr>\n<td style=\"font-weight: 400;\" width=\"114\"><strong>Motor<\/strong><\/td>\n<td style=\"font-weight: 400;\" width=\"172\">1000w\/1500w\/2000w\/3000w<\/td>\n<td style=\"font-weight: 400;\" width=\"114\"><strong>Bateria<\/strong><\/td>\n<td style=\"font-weight: 400;\" width=\"238\">Bateria de l\u00edtio remov\u00edvel<\/td>\n<\/tr>\n<tr>\n<td style=\"font-weight: 400;\" width=\"114\"><strong>Freio<\/strong><\/td>\n<td style=\"font-weight: 400;\" width=\"172\">Freio a disco hidr\u00e1ulico dianteiro e traseiro<\/td>\n<td style=\"font-weight: 400;\" width=\"114\"><strong>Capacidade da bateria<\/strong><\/td>\n<td style=\"font-weight: 400;\" width=\"238\">60v-12ah*2 \/20ah*2<\/td>\n<\/tr>\n<tr>\n<td style=\"font-weight: 400;\" width=\"114\"><strong>Luz<\/strong><\/td>\n<td style=\"font-weight: 400;\" width=\"172\">Farol de LED, luz de curva, refletor traseiro<\/td>\n<td style=\"font-weight: 400;\" width=\"114\"><strong>Assento<\/strong><\/td>\n<td style=\"font-weight: 400;\" width=\"238\">2 assentos<\/td>\n<\/tr>\n<tr>\n<td style=\"font-weight: 400;\" width=\"114\"><strong>Tela<\/strong><\/td>\n<td style=\"font-weight: 400;\" width=\"172\">Tela LCD<\/td>\n<td style=\"font-weight: 400;\" width=\"114\"><strong>Pneu<\/strong><\/td>\n<td style=\"font-weight: 400;\" width=\"238\">Pneu gordo de 12 polegadas<\/td>\n<\/tr>\n<tr>\n<td style=\"font-weight: 400;\" width=\"114\"><strong>Moldura<\/strong><\/td>\n<td style=\"font-weight: 400;\" width=\"172\">Tubo de a\u00e7o sem costura<\/td>\n<td style=\"font-weight: 400;\" width=\"114\"><strong>Velocidade m\u00e1xima<\/strong><\/td>\n<td style=\"font-weight: 400;\" width=\"238\">45 km\/h<\/td>\n<\/tr>\n<tr>\n<td style=\"font-weight: 400;\" width=\"114\"><strong>Suspens\u00e3o<\/strong><\/td>\n<td style=\"font-weight: 400;\" width=\"172\">Suspens\u00e3o dianteira Garfo; amortecedor traseiro de mola dupla<\/td>\n<td style=\"font-weight: 400;\" width=\"114\"><strong>Faixa m\u00e1xima<\/strong><\/td>\n<td style=\"font-weight: 400;\" width=\"238\">60-80 km por carga (afetado por peso\/terreno\/clima\/etc.)<\/td>\n<\/tr>\n<\/tbody>\n<\/table>\n<p>Tamb\u00e9m temos outro novo modelo de scooter chopper Citycoco em formato de harley. Se precisar de mais informa\u00e7\u00f5es, voc\u00ea pode<a href=\"https:\/\/www.linkseride.com\/pt\/fabricante-de-scooters-eletricos\/\"> Encontre aqui.<\/a><\/p>\n<p>Mais v\u00eddeos introdut\u00f3rios podem ser encontrados aqui:\u00a0<a href=\"https:\/\/www.youtube.com\/channel\/UCw4wsO7M_kRsCHTxcFeqTAA\" target=\"_blank\" rel=\"noopener\">https:\/\/www.youtube.com\/channel\/UCw4wsO7M_kRsCHTxcFeqTAA<\/a><\/p>\n<div class=\"ast-oembed-container\" style=\"height: 100%;\"><iframe title=\"CP5 scooter el\u00e9trica Citycoco EEC COC comprovada de dois lugares\" width=\"500\" height=\"281\" src=\"https:\/\/www.youtube.com\/embed\/WkBVeokNhn8?feature=oembed\" frameborder=\"0\" allow=\"accelerometer; autoplay; clipboard-write; encrypted-media; gyroscope; picture-in-picture; web-share\" referrerpolicy=\"strict-origin-when-cross-origin\" allowfullscreen><\/iframe><\/div>","protected":false},"excerpt":{"rendered":"<p>\u25cf Linkseride EEC Dual Battery Electric Citycoco chopper Scooters with Two Seats<\/p>\n<p>\u25cf Dual battery for 60V20Ah*2\u00a0 li-ion battery<\/p>\n<p>Suspens\u00e3o dianteira e traseira<\/p>\n<p>\u25cf US warehoue in stock for fast local shipping<\/p>","protected":false},"featured_media":9582,"template":"","meta":{"site-sidebar-layout":"default","site-content-layout":"default","ast-site-content-layout":"default","site-content-style":"default","site-sidebar-style":"default","ast-global-header-display":"","ast-banner-title-visibility":"","ast-main-header-display":"","ast-hfb-above-header-display":"","ast-hfb-below-header-display":"","ast-hfb-mobile-header-display":"","site-post-title":"","ast-breadcrumbs-content":"","ast-featured-img":"","footer-sml-layout":"","ast-disable-related-posts":"","theme-transparent-header-meta":"default","adv-header-id-meta":"","stick-header-meta":"","header-above-stick-meta":"","header-main-stick-meta":"","header-below-stick-meta":"","astra-migrate-meta-layouts":"default","ast-page-background-enabled":"default","ast-page-background-meta":{"desktop":{"background-color":"","background-image":"","background-repeat":"repeat","background-position":"center center","background-size":"auto","background-attachment":"scroll","background-type":"","background-media":"","overlay-type":"","overlay-color":"","overlay-opacity":"","overlay-gradient":""},"tablet":{"background-color":"","background-image":"","background-repeat":"repeat","background-position":"center center","background-size":"auto","background-attachment":"scroll","background-type":"","background-media":"","overlay-type":"","overlay-color":"","overlay-opacity":"","overlay-gradient":""},"mobile":{"background-color":"","background-image":"","background-repeat":"repeat","background-position":"center center","background-size":"auto","background-attachment":"scroll","background-type":"","background-media":"","overlay-type":"","overlay-color":"","overlay-opacity":"","overlay-gradient":""}},"ast-content-background-meta":{"desktop":{"background-color":"var(--ast-global-color-5)","background-image":"","background-repeat":"repeat","background-position":"center center","background-size":"auto","background-attachment":"scroll","background-type":"","background-media":"","overlay-type":"","overlay-color":"","overlay-opacity":"","overlay-gradient":""},"tablet":{"background-color":"var(--ast-global-color-5)","background-image":"","background-repeat":"repeat","background-position":"center center","background-size":"auto","background-attachment":"scroll","background-type":"","background-media":"","overlay-type":"","overlay-color":"","overlay-opacity":"","overlay-gradient":""},"mobile":{"background-color":"var(--ast-global-color-5)","background-image":"","background-repeat":"repeat","background-position":"center center","background-size":"auto","background-attachment":"scroll","background-type":"","background-media":"","overlay-type":"","overlay-color":"","overlay-opacity":"","overlay-gradient":""}}},"product_brand":[],"product_cat":[27,28],"product_tag":[38],"class_list":{"0":"post-9581","1":"product","2":"type-product","3":"status-publish","4":"has-post-thumbnail","6":"product_cat-electric-motorcycle","7":"product_cat-electric-scooter","8":"product_tag-citycoco-scooter","9":"desktop-align-left","10":"tablet-align-left","11":"mobile-align-left","13":"first","14":"instock","15":"shipping-taxable","16":"product-type-simple"},"_links":{"self":[{"href":"https:\/\/www.linkseride.com\/pt\/wp-json\/wp\/v2\/product\/9581","targetHints":{"allow":["GET"]}}],"collection":[{"href":"https:\/\/www.linkseride.com\/pt\/wp-json\/wp\/v2\/product"}],"about":[{"href":"https:\/\/www.linkseride.com\/pt\/wp-json\/wp\/v2\/types\/product"}],"wp:featuredmedia":[{"embeddable":true,"href":"https:\/\/www.linkseride.com\/pt\/wp-json\/wp\/v2\/media\/9582"}],"wp:attachment":[{"href":"https:\/\/www.linkseride.com\/pt\/wp-json\/wp\/v2\/media?parent=9581"}],"wp:term":[{"taxonomy":"product_brand","embeddable":true,"href":"https:\/\/www.linkseride.com\/pt\/wp-json\/wp\/v2\/product_brand?post=9581"},{"taxonomy":"product_cat","embeddable":true,"href":"https:\/\/www.linkseride.com\/pt\/wp-json\/wp\/v2\/product_cat?post=9581"},{"taxonomy":"product_tag","embeddable":true,"href":"https:\/\/www.linkseride.com\/pt\/wp-json\/wp\/v2\/product_tag?post=9581"}],"curies":[{"name":"wp","href":"https:\/\/api.w.org\/{rel}","templated":true}]}}