{"id":9631,"date":"2023-10-13T03:15:06","date_gmt":"2023-10-13T03:15:06","guid":{"rendered":"https:\/\/www.linkseride.com\/?post_type=product&#038;p=9631"},"modified":"2023-10-13T06:28:06","modified_gmt":"2023-10-13T06:28:06","slug":"scooters-eletricos-de-3-rodas-da-fabrica-da-china","status":"publish","type":"product","link":"https:\/\/www.linkseride.com\/pt\/product\/china-factory-electric-scooters-3-wheel\/","title":{"rendered":"China Factory Electric Scooters 3 wheel com certificado COC\/EEC"},"content":{"rendered":"<h5>Acelera\u00e7\u00e3o suave e controlada<\/h5>\n<p>Equipado com um controlador integrado de 60V 40A, o Electric Scooters 3 wheel oferece estabilidade excepcional no controle de pot\u00eancia e alta sa\u00edda de corrente, resultando em ajustes de velocidade cont\u00ednuos em tr\u00eas n\u00edveis. Ele ainda conta com uma marcha \u00e0 r\u00e9 para maior comodidade.<\/p>\n<h5>Mais de 36 buracos de op\u00e7\u00e3o de golfe<\/h5>\n<p>Experimente o Electric Scooters 3 wheel Fat Tire Golf Trike no green, com um not\u00e1vel conjunto de baterias de l\u00edtio de alta densidade de 60V 20AH que oferece uma impressionante autonomia de 35 milhas na cidade ou uma vers\u00e1til capacidade de parar e ir. Com duas caixas de bateria, voc\u00ea pode dobrar sua pot\u00eancia com 60V 40Ah, garantindo energia para uma rodada de mais de 36 buracos.<\/p>\n<h5>Multifuncionalidade para entusiastas do golfe<\/h5>\n<p>A Electric Scooters 3 wheel Golf Scooter pode adicionar a op\u00e7\u00e3o de acess\u00f3rios de golfe que incluem um rack de golfe e um rack de refrigerador, levando seu jogo de golfe para o pr\u00f3ximo n\u00edvel e mantendo seus refrescos frescos.<\/p>\n<h5>Conforto de pilotagem premium<\/h5>\n<p>Desfrute de um passeio suave com o garfo com amortecedor hidr\u00e1ulico ajust\u00e1vel e a suspens\u00e3o traseira com amortecedor de a\u00e7o com mola. Al\u00e9m disso, os pneus gordos sem c\u00e2mara de 10 polegadas n\u00e3o s\u00f3 reduzem o risco de furos como tamb\u00e9m melhoram o desempenho da frenagem para sua seguran\u00e7a.<\/p>\n<h5>Tela LCD com tudo inclu\u00eddo<\/h5>\n<p>A tela LCD integrada exibe informa\u00e7\u00f5es cruciais, como velocidade, quilometragem, voltagem e n\u00edvel de pot\u00eancia, garantindo que voc\u00ea mantenha o controle o tempo todo. Diga adeus \u00e0 preocupa\u00e7\u00e3o com a falta de energia e diagnostique facilmente qualquer problema por meio dos c\u00f3digos de erro exibidos na tela. Experimente jogar golfe em grande estilo com o Electric Scooters 3 wheel Fat Tire Golf Trike.<\/p>\n<p>&nbsp;<\/p>\n<h2>Quais s\u00e3o as principais caracter\u00edsticas das scooters el\u00e9tricas de 3 rodas com certificado COC\/EEC?<\/h2>\n<table width=\"638\">\n<tbody>\n<tr>\n<td style=\"font-weight: 400;\" width=\"114\"><strong>Motor<\/strong><\/td>\n<td style=\"font-weight: 400;\" width=\"172\">2000 W<\/td>\n<td style=\"font-weight: 400;\" width=\"114\"><strong>Bateria<\/strong><\/td>\n<td style=\"font-weight: 400;\" width=\"238\">Bateria de l\u00edtio remov\u00edvel<\/td>\n<\/tr>\n<tr>\n<td style=\"font-weight: 400;\" width=\"114\"><strong>Freio<\/strong><\/td>\n<td style=\"font-weight: 400;\" width=\"172\">Freio a disco hidr\u00e1ulico dianteiro e traseiro<\/td>\n<td style=\"font-weight: 400;\" width=\"114\"><strong>Capacidade da bateria<\/strong><\/td>\n<td style=\"font-weight: 400;\" width=\"238\">60v 20ah*2<\/td>\n<\/tr>\n<tr>\n<td style=\"font-weight: 400;\" width=\"114\"><strong>Luz<\/strong><\/td>\n<td style=\"font-weight: 400;\" width=\"172\">Farol de LED, luz de curva, refletor traseiro<\/td>\n<td style=\"font-weight: 400;\" width=\"114\"><strong>Assento<\/strong><\/td>\n<td style=\"font-weight: 400;\" width=\"238\">2 assentos<\/td>\n<\/tr>\n<tr>\n<td style=\"font-weight: 400;\" width=\"114\"><strong>Tela<\/strong><\/td>\n<td style=\"font-weight: 400;\" width=\"172\">Tela LCD<\/td>\n<td style=\"font-weight: 400;\" width=\"114\"><strong>Pneu<\/strong><\/td>\n<td style=\"font-weight: 400;\" width=\"238\">Pneu gordo de 12 polegadas<\/td>\n<\/tr>\n<tr>\n<td style=\"font-weight: 400;\" width=\"114\"><strong>Moldura<\/strong><\/td>\n<td style=\"font-weight: 400;\" width=\"172\">Tubo de a\u00e7o sem costura<\/td>\n<td style=\"font-weight: 400;\" width=\"114\"><strong>Velocidade m\u00e1xima<\/strong><\/td>\n<td style=\"font-weight: 400;\" width=\"238\">45 km\/h<\/td>\n<\/tr>\n<tr>\n<td style=\"font-weight: 400;\" width=\"114\"><strong>Suspens\u00e3o<\/strong><\/td>\n<td style=\"font-weight: 400;\" width=\"172\">Suspens\u00e3o dianteira Garfo; amortecedor traseiro de mola dupla<\/td>\n<td style=\"font-weight: 400;\" width=\"114\"><strong>Faixa m\u00e1xima<\/strong><\/td>\n<td style=\"font-weight: 400;\" width=\"238\">60-80 km por carga (afetado por peso\/terreno\/clima\/etc.)<\/td>\n<\/tr>\n<\/tbody>\n<\/table>\n<p>Tamb\u00e9m temos outro novo modelo de scooter chopper Citycoco em formato de harley. Se precisar de mais informa\u00e7\u00f5es, voc\u00ea pode<a href=\"https:\/\/www.linkseride.com\/pt\/fabricante-de-scooters-eletricos\/\"> Encontre aqui.<\/a><\/p>\n<p>Mais v\u00eddeos introdut\u00f3rios podem ser encontrados aqui:\u00a0<a href=\"https:\/\/www.youtube.com\/channel\/UCw4wsO7M_kRsCHTxcFeqTAA\" target=\"_blank\" rel=\"noopener\">https:\/\/www.youtube.com\/channel\/UCw4wsO7M_kRsCHTxcFeqTAA<\/a><\/p>\n<div class=\"ast-oembed-container\" style=\"height: 100%;\"><iframe title=\"CP5 scooter el\u00e9trica Citycoco EEC COC comprovada de dois lugares\" width=\"500\" height=\"281\" src=\"https:\/\/www.youtube.com\/embed\/WkBVeokNhn8?feature=oembed\" frameborder=\"0\" allow=\"accelerometer; autoplay; clipboard-write; encrypted-media; gyroscope; picture-in-picture; web-share\" referrerpolicy=\"strict-origin-when-cross-origin\" allowfullscreen><\/iframe><\/div>","protected":false},"excerpt":{"rendered":"<p>\u25cf Scooters el\u00e9tricas Linkseride de 3 rodas com certificado COC\/EEC<\/p>\n<p>Baterias duplas para bateria de \u00edons de l\u00edtio de 60V20Ah*2<\/p>\n<p>Escolha opcional para o Golf Trike com rack de golfe e rack para refrigerador<\/p>\n<p>Triciclos el\u00e9tricos 60v 20ah para adultos<\/p>","protected":false},"featured_media":9637,"template":"","meta":{"site-sidebar-layout":"default","site-content-layout":"default","ast-site-content-layout":"default","site-content-style":"default","site-sidebar-style":"default","ast-global-header-display":"","ast-banner-title-visibility":"","ast-main-header-display":"","ast-hfb-above-header-display":"","ast-hfb-below-header-display":"","ast-hfb-mobile-header-display":"","site-post-title":"","ast-breadcrumbs-content":"","ast-featured-img":"","footer-sml-layout":"","ast-disable-related-posts":"","theme-transparent-header-meta":"default","adv-header-id-meta":"","stick-header-meta":"","header-above-stick-meta":"","header-main-stick-meta":"","header-below-stick-meta":"","astra-migrate-meta-layouts":"default","ast-page-background-enabled":"default","ast-page-background-meta":{"desktop":{"background-color":"","background-image":"","background-repeat":"repeat","background-position":"center center","background-size":"auto","background-attachment":"scroll","background-type":"","background-media":"","overlay-type":"","overlay-color":"","overlay-opacity":"","overlay-gradient":""},"tablet":{"background-color":"","background-image":"","background-repeat":"repeat","background-position":"center center","background-size":"auto","background-attachment":"scroll","background-type":"","background-media":"","overlay-type":"","overlay-color":"","overlay-opacity":"","overlay-gradient":""},"mobile":{"background-color":"","background-image":"","background-repeat":"repeat","background-position":"center center","background-size":"auto","background-attachment":"scroll","background-type":"","background-media":"","overlay-type":"","overlay-color":"","overlay-opacity":"","overlay-gradient":""}},"ast-content-background-meta":{"desktop":{"background-color":"var(--ast-global-color-5)","background-image":"","background-repeat":"repeat","background-position":"center center","background-size":"auto","background-attachment":"scroll","background-type":"","background-media":"","overlay-type":"","overlay-color":"","overlay-opacity":"","overlay-gradient":""},"tablet":{"background-color":"var(--ast-global-color-5)","background-image":"","background-repeat":"repeat","background-position":"center center","background-size":"auto","background-attachment":"scroll","background-type":"","background-media":"","overlay-type":"","overlay-color":"","overlay-opacity":"","overlay-gradient":""},"mobile":{"background-color":"var(--ast-global-color-5)","background-image":"","background-repeat":"repeat","background-position":"center center","background-size":"auto","background-attachment":"scroll","background-type":"","background-media":"","overlay-type":"","overlay-color":"","overlay-opacity":"","overlay-gradient":""}}},"product_brand":[],"product_cat":[27,28],"product_tag":[38],"class_list":{"0":"post-9631","1":"product","2":"type-product","3":"status-publish","4":"has-post-thumbnail","6":"product_cat-electric-motorcycle","7":"product_cat-electric-scooter","8":"product_tag-citycoco-scooter","9":"desktop-align-left","10":"tablet-align-left","11":"mobile-align-left","13":"first","14":"instock","15":"shipping-taxable","16":"product-type-simple"},"_links":{"self":[{"href":"https:\/\/www.linkseride.com\/pt\/wp-json\/wp\/v2\/product\/9631","targetHints":{"allow":["GET"]}}],"collection":[{"href":"https:\/\/www.linkseride.com\/pt\/wp-json\/wp\/v2\/product"}],"about":[{"href":"https:\/\/www.linkseride.com\/pt\/wp-json\/wp\/v2\/types\/product"}],"wp:featuredmedia":[{"embeddable":true,"href":"https:\/\/www.linkseride.com\/pt\/wp-json\/wp\/v2\/media\/9637"}],"wp:attachment":[{"href":"https:\/\/www.linkseride.com\/pt\/wp-json\/wp\/v2\/media?parent=9631"}],"wp:term":[{"taxonomy":"product_brand","embeddable":true,"href":"https:\/\/www.linkseride.com\/pt\/wp-json\/wp\/v2\/product_brand?post=9631"},{"taxonomy":"product_cat","embeddable":true,"href":"https:\/\/www.linkseride.com\/pt\/wp-json\/wp\/v2\/product_cat?post=9631"},{"taxonomy":"product_tag","embeddable":true,"href":"https:\/\/www.linkseride.com\/pt\/wp-json\/wp\/v2\/product_tag?post=9631"}],"curies":[{"name":"wp","href":"https:\/\/api.w.org\/{rel}","templated":true}]}}